{"id":523,"date":"2022-10-20T18:56:51","date_gmt":"2022-10-20T18:56:51","guid":{"rendered":"https:\/\/www.miroslavnovotny.sk\/?page_id=523"},"modified":"2025-07-28T12:23:07","modified_gmt":"2025-07-28T12:23:07","slug":"nadstavba-rd","status":"publish","type":"page","link":"https:\/\/www.miroslavnovotny.sk\/?page_id=523","title":{"rendered":"Nadstavba RD"},"content":{"rendered":"\t\t<div data-elementor-type=\"wp-page\" data-elementor-id=\"523\" class=\"elementor elementor-523\" data-elementor-post-type=\"page\">\n\t\t\t\t\t\t<section class=\"elementor-section elementor-top-section elementor-element elementor-element-d3a0f61 elementor-section-boxed elementor-section-height-default elementor-section-height-default\" data-id=\"d3a0f61\" data-element_type=\"section\" data-e-type=\"section\">\n\t\t\t\t\t\t<div class=\"elementor-container elementor-column-gap-default\">\n\t\t\t\t\t<div class=\"elementor-column elementor-col-100 elementor-top-column elementor-element elementor-element-49605fe\" data-id=\"49605fe\" data-element_type=\"column\" data-e-type=\"column\">\n\t\t\t<div class=\"elementor-widget-wrap elementor-element-populated\">\n\t\t\t\t\t\t\t<\/div>\n\t\t<\/div>\n\t\t\t\t\t<\/div>\n\t\t<\/section>\n\t\t\t\t<section class=\"elementor-section elementor-top-section elementor-element elementor-element-8b1764b elementor-section-boxed elementor-section-height-default elementor-section-height-default\" data-id=\"8b1764b\" data-element_type=\"section\" data-e-type=\"section\">\n\t\t\t\t\t\t<div class=\"elementor-container elementor-column-gap-default\">\n\t\t\t\t\t<div class=\"elementor-column elementor-col-100 elementor-top-column elementor-element elementor-element-f74614c\" data-id=\"f74614c\" data-element_type=\"column\" data-e-type=\"column\">\n\t\t\t<div class=\"elementor-widget-wrap elementor-element-populated\">\n\t\t\t\t\t\t<div class=\"elementor-element elementor-element-b18cd86 elementor-widget elementor-widget-text-editor\" data-id=\"b18cd86\" data-element_type=\"widget\" data-e-type=\"widget\" data-widget_type=\"text-editor.default\">\n\t\t\t\t<div class=\"elementor-widget-container\">\n\t\t\t\t\t\t\t\t\t<p><b>Miesto<\/b> Stupava<\/p>\n<p><b>Rok<\/b> 2015<\/p>\t\t\t\t\t\t\t\t<\/div>\n\t\t\t\t<\/div>\n\t\t\t\t<div class=\"elementor-element elementor-element-3f4305a elementor-widget elementor-widget-text-editor\" data-id=\"3f4305a\" data-element_type=\"widget\" data-e-type=\"widget\" data-widget_type=\"text-editor.default\">\n\t\t\t\t<div class=\"elementor-widget-container\">\n\t\t\t\t\t\t\t\t\t<p>Jedn\u00e1 sa o jednu \u010das\u0165 dvojdomu. V s\u00fa\u010dasnosti je dom jednopodla\u017en\u00fd a kapacitne u\u017e rodine neposta\u010duje. Preto sa majitelia rozhodli dom nadstava\u0165, pri\u010dom dispoz\u00edcia jestvuj\u00faceho pr\u00edzemia sa taktie\u017e kompletne prerobila. N\u00e1vrh rie\u0161enia pozost\u00e1va zo 4 variantov, z ktor\u00fdch ka\u017ed\u00fd sa l\u00ed\u0161i najm\u00e4 mierou plochy nadstavania a taktie\u017e dispozi\u010dn\u00fdmi vari\u00e1ciami.<\/p>\t\t\t\t\t\t\t\t<\/div>\n\t\t\t\t<\/div>\n\t\t\t\t<div class=\"elementor-element elementor-element-0b7b3a3 elementor-widget elementor-widget-spacer\" data-id=\"0b7b3a3\" data-element_type=\"widget\" data-e-type=\"widget\" data-widget_type=\"spacer.default\">\n\t\t\t\t<div class=\"elementor-widget-container\">\n\t\t\t\t\t\t\t<div class=\"elementor-spacer\">\n\t\t\t<div class=\"elementor-spacer-inner\"><\/div>\n\t\t<\/div>\n\t\t\t\t\t\t<\/div>\n\t\t\t\t<\/div>\n\t\t\t\t<div class=\"elementor-element elementor-element-85dcbbd elementor-widget elementor-widget-gallery\" data-id=\"85dcbbd\" data-element_type=\"widget\" data-e-type=\"widget\" data-settings=\"{&quot;gallery_layout&quot;:&quot;masonry&quot;,&quot;columns&quot;:3,&quot;lazyload&quot;:&quot;yes&quot;,&quot;columns_tablet&quot;:2,&quot;columns_mobile&quot;:1,&quot;gap&quot;:{&quot;unit&quot;:&quot;px&quot;,&quot;size&quot;:10,&quot;sizes&quot;:[]},&quot;gap_tablet&quot;:{&quot;unit&quot;:&quot;px&quot;,&quot;size&quot;:10,&quot;sizes&quot;:[]},&quot;gap_mobile&quot;:{&quot;unit&quot;:&quot;px&quot;,&quot;size&quot;:10,&quot;sizes&quot;:[]},&quot;link_to&quot;:&quot;file&quot;,&quot;overlay_background&quot;:&quot;yes&quot;,&quot;content_hover_animation&quot;:&quot;fade-in&quot;}\" data-widget_type=\"gallery.default\">\n\t\t\t\t<div class=\"elementor-widget-container\">\n\t\t\t\t\t\t\t<div class=\"elementor-gallery__container\">\n\t\t\t\t\t\t\t<a class=\"e-gallery-item elementor-gallery-item elementor-animated-content\" href=\"https:\/\/www.miroslavnovotny.sk\/wp-content\/uploads\/2022\/10\/30_01.jpg\" data-elementor-open-lightbox=\"yes\" data-elementor-lightbox-slideshow=\"85dcbbd\" data-elementor-lightbox-title=\"30_01\" data-e-action-hash=\"#elementor-action%3Aaction%3Dlightbox%26settings%3DeyJpZCI6NTI4LCJ1cmwiOiJodHRwczpcL1wvd3d3Lm1pcm9zbGF2bm92b3RueS5za1wvd3AtY29udGVudFwvdXBsb2Fkc1wvMjAyMlwvMTBcLzMwXzAxLmpwZyIsInNsaWRlc2hvdyI6Ijg1ZGNiYmQifQ%3D%3D\">\n\t\t\t\t\t<div class=\"e-gallery-image elementor-gallery-item__image\" data-thumbnail=\"https:\/\/www.miroslavnovotny.sk\/wp-content\/uploads\/2022\/10\/30_01-768x543.jpg\" data-width=\"768\" data-height=\"543\" aria-label=\"\" role=\"img\" ><\/div>\n\t\t\t\t\t\t\t\t\t\t\t<div class=\"elementor-gallery-item__overlay\"><\/div>\n\t\t\t\t\t\t\t\t\t\t\t\t\t\t<\/a>\n\t\t\t\t\t\t\t<a class=\"e-gallery-item elementor-gallery-item elementor-animated-content\" href=\"https:\/\/www.miroslavnovotny.sk\/wp-content\/uploads\/2022\/10\/30_02.jpg\" data-elementor-open-lightbox=\"yes\" data-elementor-lightbox-slideshow=\"85dcbbd\" data-elementor-lightbox-title=\"30_02\" data-e-action-hash=\"#elementor-action%3Aaction%3Dlightbox%26settings%3DeyJpZCI6NTI5LCJ1cmwiOiJodHRwczpcL1wvd3d3Lm1pcm9zbGF2bm92b3RueS5za1wvd3AtY29udGVudFwvdXBsb2Fkc1wvMjAyMlwvMTBcLzMwXzAyLmpwZyIsInNsaWRlc2hvdyI6Ijg1ZGNiYmQifQ%3D%3D\">\n\t\t\t\t\t<div class=\"e-gallery-image elementor-gallery-item__image\" data-thumbnail=\"https:\/\/www.miroslavnovotny.sk\/wp-content\/uploads\/2022\/10\/30_02-768x543.jpg\" data-width=\"768\" data-height=\"543\" aria-label=\"\" role=\"img\" ><\/div>\n\t\t\t\t\t\t\t\t\t\t\t<div class=\"elementor-gallery-item__overlay\"><\/div>\n\t\t\t\t\t\t\t\t\t\t\t\t\t\t<\/a>\n\t\t\t\t\t\t\t<a class=\"e-gallery-item elementor-gallery-item elementor-animated-content\" href=\"https:\/\/www.miroslavnovotny.sk\/wp-content\/uploads\/2022\/10\/30_03.jpg\" data-elementor-open-lightbox=\"yes\" data-elementor-lightbox-slideshow=\"85dcbbd\" data-elementor-lightbox-title=\"30_03\" data-e-action-hash=\"#elementor-action%3Aaction%3Dlightbox%26settings%3DeyJpZCI6NTMwLCJ1cmwiOiJodHRwczpcL1wvd3d3Lm1pcm9zbGF2bm92b3RueS5za1wvd3AtY29udGVudFwvdXBsb2Fkc1wvMjAyMlwvMTBcLzMwXzAzLmpwZyIsInNsaWRlc2hvdyI6Ijg1ZGNiYmQifQ%3D%3D\">\n\t\t\t\t\t<div class=\"e-gallery-image elementor-gallery-item__image\" data-thumbnail=\"https:\/\/www.miroslavnovotny.sk\/wp-content\/uploads\/2022\/10\/30_03-768x543.jpg\" data-width=\"768\" data-height=\"543\" aria-label=\"\" role=\"img\" ><\/div>\n\t\t\t\t\t\t\t\t\t\t\t<div class=\"elementor-gallery-item__overlay\"><\/div>\n\t\t\t\t\t\t\t\t\t\t\t\t\t\t<\/a>\n\t\t\t\t\t\t\t<a class=\"e-gallery-item elementor-gallery-item elementor-animated-content\" href=\"https:\/\/www.miroslavnovotny.sk\/wp-content\/uploads\/2022\/10\/30_04.jpg\" data-elementor-open-lightbox=\"yes\" data-elementor-lightbox-slideshow=\"85dcbbd\" data-elementor-lightbox-title=\"30_04\" data-e-action-hash=\"#elementor-action%3Aaction%3Dlightbox%26settings%3DeyJpZCI6NTMxLCJ1cmwiOiJodHRwczpcL1wvd3d3Lm1pcm9zbGF2bm92b3RueS5za1wvd3AtY29udGVudFwvdXBsb2Fkc1wvMjAyMlwvMTBcLzMwXzA0LmpwZyIsInNsaWRlc2hvdyI6Ijg1ZGNiYmQifQ%3D%3D\">\n\t\t\t\t\t<div class=\"e-gallery-image elementor-gallery-item__image\" data-thumbnail=\"https:\/\/www.miroslavnovotny.sk\/wp-content\/uploads\/2022\/10\/30_04-768x543.jpg\" data-width=\"768\" data-height=\"543\" aria-label=\"\" role=\"img\" ><\/div>\n\t\t\t\t\t\t\t\t\t\t\t<div class=\"elementor-gallery-item__overlay\"><\/div>\n\t\t\t\t\t\t\t\t\t\t\t\t\t\t<\/a>\n\t\t\t\t\t\t\t<a class=\"e-gallery-item elementor-gallery-item elementor-animated-content\" href=\"https:\/\/www.miroslavnovotny.sk\/wp-content\/uploads\/2022\/10\/30_05.jpg\" data-elementor-open-lightbox=\"yes\" data-elementor-lightbox-slideshow=\"85dcbbd\" data-elementor-lightbox-title=\"30_05\" data-e-action-hash=\"#elementor-action%3Aaction%3Dlightbox%26settings%3DeyJpZCI6NTMyLCJ1cmwiOiJodHRwczpcL1wvd3d3Lm1pcm9zbGF2bm92b3RueS5za1wvd3AtY29udGVudFwvdXBsb2Fkc1wvMjAyMlwvMTBcLzMwXzA1LmpwZyIsInNsaWRlc2hvdyI6Ijg1ZGNiYmQifQ%3D%3D\">\n\t\t\t\t\t<div class=\"e-gallery-image elementor-gallery-item__image\" data-thumbnail=\"https:\/\/www.miroslavnovotny.sk\/wp-content\/uploads\/2022\/10\/30_05-768x543.jpg\" data-width=\"768\" data-height=\"543\" aria-label=\"\" role=\"img\" ><\/div>\n\t\t\t\t\t\t\t\t\t\t\t<div class=\"elementor-gallery-item__overlay\"><\/div>\n\t\t\t\t\t\t\t\t\t\t\t\t\t\t<\/a>\n\t\t\t\t\t\t\t<a class=\"e-gallery-item elementor-gallery-item elementor-animated-content\" href=\"https:\/\/www.miroslavnovotny.sk\/wp-content\/uploads\/2022\/10\/30_06.jpg\" data-elementor-open-lightbox=\"yes\" data-elementor-lightbox-slideshow=\"85dcbbd\" data-elementor-lightbox-title=\"30_06\" data-e-action-hash=\"#elementor-action%3Aaction%3Dlightbox%26settings%3DeyJpZCI6NTMzLCJ1cmwiOiJodHRwczpcL1wvd3d3Lm1pcm9zbGF2bm92b3RueS5za1wvd3AtY29udGVudFwvdXBsb2Fkc1wvMjAyMlwvMTBcLzMwXzA2LmpwZyIsInNsaWRlc2hvdyI6Ijg1ZGNiYmQifQ%3D%3D\">\n\t\t\t\t\t<div class=\"e-gallery-image elementor-gallery-item__image\" data-thumbnail=\"https:\/\/www.miroslavnovotny.sk\/wp-content\/uploads\/2022\/10\/30_06-768x543.jpg\" data-width=\"768\" data-height=\"543\" aria-label=\"\" role=\"img\" ><\/div>\n\t\t\t\t\t\t\t\t\t\t\t<div class=\"elementor-gallery-item__overlay\"><\/div>\n\t\t\t\t\t\t\t\t\t\t\t\t\t\t<\/a>\n\t\t\t\t\t\t\t<a class=\"e-gallery-item elementor-gallery-item elementor-animated-content\" href=\"https:\/\/www.miroslavnovotny.sk\/wp-content\/uploads\/2022\/10\/30_07.jpg\" data-elementor-open-lightbox=\"yes\" data-elementor-lightbox-slideshow=\"85dcbbd\" data-elementor-lightbox-title=\"30_07\" data-e-action-hash=\"#elementor-action%3Aaction%3Dlightbox%26settings%3DeyJpZCI6NTM0LCJ1cmwiOiJodHRwczpcL1wvd3d3Lm1pcm9zbGF2bm92b3RueS5za1wvd3AtY29udGVudFwvdXBsb2Fkc1wvMjAyMlwvMTBcLzMwXzA3LmpwZyIsInNsaWRlc2hvdyI6Ijg1ZGNiYmQifQ%3D%3D\">\n\t\t\t\t\t<div class=\"e-gallery-image elementor-gallery-item__image\" data-thumbnail=\"https:\/\/www.miroslavnovotny.sk\/wp-content\/uploads\/2022\/10\/30_07-768x543.jpg\" data-width=\"768\" data-height=\"543\" aria-label=\"\" role=\"img\" ><\/div>\n\t\t\t\t\t\t\t\t\t\t\t<div class=\"elementor-gallery-item__overlay\"><\/div>\n\t\t\t\t\t\t\t\t\t\t\t\t\t\t<\/a>\n\t\t\t\t\t\t\t<a class=\"e-gallery-item elementor-gallery-item elementor-animated-content\" href=\"https:\/\/www.miroslavnovotny.sk\/wp-content\/uploads\/2022\/10\/30_08.jpg\" data-elementor-open-lightbox=\"yes\" data-elementor-lightbox-slideshow=\"85dcbbd\" data-elementor-lightbox-title=\"30_08\" data-e-action-hash=\"#elementor-action%3Aaction%3Dlightbox%26settings%3DeyJpZCI6NTM1LCJ1cmwiOiJodHRwczpcL1wvd3d3Lm1pcm9zbGF2bm92b3RueS5za1wvd3AtY29udGVudFwvdXBsb2Fkc1wvMjAyMlwvMTBcLzMwXzA4LmpwZyIsInNsaWRlc2hvdyI6Ijg1ZGNiYmQifQ%3D%3D\">\n\t\t\t\t\t<div class=\"e-gallery-image elementor-gallery-item__image\" data-thumbnail=\"https:\/\/www.miroslavnovotny.sk\/wp-content\/uploads\/2022\/10\/30_08-768x543.jpg\" data-width=\"768\" data-height=\"543\" aria-label=\"\" role=\"img\" ><\/div>\n\t\t\t\t\t\t\t\t\t\t\t<div class=\"elementor-gallery-item__overlay\"><\/div>\n\t\t\t\t\t\t\t\t\t\t\t\t\t\t<\/a>\n\t\t\t\t\t<\/div>\n\t\t\t\t\t<\/div>\n\t\t\t\t<\/div>\n\t\t\t\t\t<\/div>\n\t\t<\/div>\n\t\t\t\t\t<\/div>\n\t\t<\/section>\n\t\t\t\t<\/div>\n\t\t","protected":false},"excerpt":{"rendered":"<p>Miesto Stupava Rok 2015 Jedn\u00e1 sa o jednu \u010das\u0165 dvojdomu. V s\u00fa\u010dasnosti je dom jednopodla\u017en\u00fd a kapacitne u\u017e rodine neposta\u010duje. Preto sa majitelia rozhodli dom nadstava\u0165, pri\u010dom dispoz\u00edcia jestvuj\u00faceho pr\u00edzemia sa taktie\u017e kompletne prerobila. N\u00e1vrh rie\u0161enia pozost\u00e1va zo 4 variantov, z ktor\u00fdch ka\u017ed\u00fd sa l\u00ed\u0161i najm\u00e4 mierou plochy nadstavania a taktie\u017e dispozi\u010dn\u00fdmi vari\u00e1ciami.<\/p>\n","protected":false},"author":1,"featured_media":0,"parent":157,"menu_order":0,"comment_status":"closed","ping_status":"closed","template":"elementor_header_footer","meta":{"_monsterinsights_skip_tracking":false,"_monsterinsights_sitenote_active":false,"_monsterinsights_sitenote_note":"","_monsterinsights_sitenote_category":0,"footnotes":""},"class_list":["post-523","page","type-page","status-publish","hentry"],"yoast_head":"<!-- This site is optimized with the Yoast SEO Premium plugin v19.5 (Yoast SEO v27.5) - https:\/\/yoast.com\/product\/yoast-seo-premium-wordpress\/ -->\n<title>Nadstavba RD - Ing.arch. Miroslav Novotn\u00fd<\/title>\n<meta name=\"description\" content=\"Architekt \u017eij\u00faci v Stupave. P\u00f4sobiaci v Bratislave a \u0161ir\u0161om okol\u00ed.\" \/>\n<meta name=\"robots\" content=\"index, follow, max-snippet:-1, max-image-preview:large, max-video-preview:-1\" \/>\n<link rel=\"canonical\" href=\"https:\/\/www.miroslavnovotny.sk\/?page_id=523\" \/>\n<meta property=\"og:locale\" content=\"en_US\" \/>\n<meta property=\"og:type\" content=\"article\" \/>\n<meta property=\"og:title\" content=\"Nadstavba RD\" \/>\n<meta property=\"og:description\" content=\"Architekt \u017eij\u00faci v Stupave. P\u00f4sobiaci v Bratislave a \u0161ir\u0161om okol\u00ed.\" \/>\n<meta property=\"og:url\" content=\"https:\/\/www.miroslavnovotny.sk\/?page_id=523\" \/>\n<meta property=\"og:site_name\" content=\"Ing.arch. Miroslav Novotn\u00fd\" \/>\n<meta property=\"article:publisher\" content=\"https:\/\/www.facebook.com\/miroslavnovotnyarchitekt\/\" \/>\n<meta property=\"article:modified_time\" content=\"2025-07-28T12:23:07+00:00\" \/>\n<meta name=\"twitter:card\" content=\"summary_large_image\" \/>\n<meta name=\"twitter:label1\" content=\"Est. reading time\" \/>\n\t<meta name=\"twitter:data1\" content=\"1 minute\" \/>\n<script type=\"application\/ld+json\" class=\"yoast-schema-graph\">{\"@context\":\"https:\\\/\\\/schema.org\",\"@graph\":[{\"@type\":\"WebPage\",\"@id\":\"https:\\\/\\\/www.miroslavnovotny.sk\\\/?page_id=523\",\"url\":\"https:\\\/\\\/www.miroslavnovotny.sk\\\/?page_id=523\",\"name\":\"Nadstavba RD - Ing.arch. Miroslav Novotn\u00fd\",\"isPartOf\":{\"@id\":\"https:\\\/\\\/www.miroslavnovotny.sk\\\/#website\"},\"datePublished\":\"2022-10-20T18:56:51+00:00\",\"dateModified\":\"2025-07-28T12:23:07+00:00\",\"description\":\"Architekt \u017eij\u00faci v Stupave. P\u00f4sobiaci v Bratislave a \u0161ir\u0161om okol\u00ed.\",\"breadcrumb\":{\"@id\":\"https:\\\/\\\/www.miroslavnovotny.sk\\\/?page_id=523#breadcrumb\"},\"inLanguage\":\"en-US\",\"potentialAction\":[{\"@type\":\"ReadAction\",\"target\":[\"https:\\\/\\\/www.miroslavnovotny.sk\\\/?page_id=523\"]}]},{\"@type\":\"BreadcrumbList\",\"@id\":\"https:\\\/\\\/www.miroslavnovotny.sk\\\/?page_id=523#breadcrumb\",\"itemListElement\":[{\"@type\":\"ListItem\",\"position\":1,\"name\":\"Home\",\"item\":\"https:\\\/\\\/www.miroslavnovotny.sk\\\/\"},{\"@type\":\"ListItem\",\"position\":2,\"name\":\"Projekty\",\"item\":\"https:\\\/\\\/www.miroslavnovotny.sk\\\/?page_id=157\"},{\"@type\":\"ListItem\",\"position\":3,\"name\":\"Nadstavba RD\"}]},{\"@type\":\"WebSite\",\"@id\":\"https:\\\/\\\/www.miroslavnovotny.sk\\\/#website\",\"url\":\"https:\\\/\\\/www.miroslavnovotny.sk\\\/\",\"name\":\"Ing.arch. Miroslav Novotn\u00fd\",\"description\":\"architekt\",\"publisher\":{\"@id\":\"https:\\\/\\\/www.miroslavnovotny.sk\\\/#organization\"},\"alternateName\":\"MN\",\"potentialAction\":[{\"@type\":\"SearchAction\",\"target\":{\"@type\":\"EntryPoint\",\"urlTemplate\":\"https:\\\/\\\/www.miroslavnovotny.sk\\\/?s={search_term_string}\"},\"query-input\":{\"@type\":\"PropertyValueSpecification\",\"valueRequired\":true,\"valueName\":\"search_term_string\"}}],\"inLanguage\":\"en-US\"},{\"@type\":\"Organization\",\"@id\":\"https:\\\/\\\/www.miroslavnovotny.sk\\\/#organization\",\"name\":\"Ing.arch. Miroslav Novotn\u00fd\",\"alternateName\":\"MN\",\"url\":\"https:\\\/\\\/www.miroslavnovotny.sk\\\/\",\"logo\":{\"@type\":\"ImageObject\",\"inLanguage\":\"en-US\",\"@id\":\"https:\\\/\\\/www.miroslavnovotny.sk\\\/#\\\/schema\\\/logo\\\/image\\\/\",\"url\":\"https:\\\/\\\/www.miroslavnovotny.sk\\\/wp-content\\\/uploads\\\/2022\\\/10\\\/LOGO.jpg\",\"contentUrl\":\"https:\\\/\\\/www.miroslavnovotny.sk\\\/wp-content\\\/uploads\\\/2022\\\/10\\\/LOGO.jpg\",\"width\":71,\"height\":99,\"caption\":\"Ing.arch. Miroslav Novotn\u00fd\"},\"image\":{\"@id\":\"https:\\\/\\\/www.miroslavnovotny.sk\\\/#\\\/schema\\\/logo\\\/image\\\/\"},\"sameAs\":[\"https:\\\/\\\/www.facebook.com\\\/miroslavnovotnyarchitekt\\\/\"]}]}<\/script>\n<!-- \/ Yoast SEO Premium plugin. -->","yoast_head_json":{"title":"Nadstavba RD - Ing.arch. Miroslav Novotn\u00fd","description":"Architekt \u017eij\u00faci v Stupave. P\u00f4sobiaci v Bratislave a \u0161ir\u0161om okol\u00ed.","robots":{"index":"index","follow":"follow","max-snippet":"max-snippet:-1","max-image-preview":"max-image-preview:large","max-video-preview":"max-video-preview:-1"},"canonical":"https:\/\/www.miroslavnovotny.sk\/?page_id=523","og_locale":"en_US","og_type":"article","og_title":"Nadstavba RD","og_description":"Architekt \u017eij\u00faci v Stupave. P\u00f4sobiaci v Bratislave a \u0161ir\u0161om okol\u00ed.","og_url":"https:\/\/www.miroslavnovotny.sk\/?page_id=523","og_site_name":"Ing.arch. Miroslav Novotn\u00fd","article_publisher":"https:\/\/www.facebook.com\/miroslavnovotnyarchitekt\/","article_modified_time":"2025-07-28T12:23:07+00:00","twitter_card":"summary_large_image","twitter_misc":{"Est. reading time":"1 minute"},"schema":{"@context":"https:\/\/schema.org","@graph":[{"@type":"WebPage","@id":"https:\/\/www.miroslavnovotny.sk\/?page_id=523","url":"https:\/\/www.miroslavnovotny.sk\/?page_id=523","name":"Nadstavba RD - Ing.arch. Miroslav Novotn\u00fd","isPartOf":{"@id":"https:\/\/www.miroslavnovotny.sk\/#website"},"datePublished":"2022-10-20T18:56:51+00:00","dateModified":"2025-07-28T12:23:07+00:00","description":"Architekt \u017eij\u00faci v Stupave. P\u00f4sobiaci v Bratislave a \u0161ir\u0161om okol\u00ed.","breadcrumb":{"@id":"https:\/\/www.miroslavnovotny.sk\/?page_id=523#breadcrumb"},"inLanguage":"en-US","potentialAction":[{"@type":"ReadAction","target":["https:\/\/www.miroslavnovotny.sk\/?page_id=523"]}]},{"@type":"BreadcrumbList","@id":"https:\/\/www.miroslavnovotny.sk\/?page_id=523#breadcrumb","itemListElement":[{"@type":"ListItem","position":1,"name":"Home","item":"https:\/\/www.miroslavnovotny.sk\/"},{"@type":"ListItem","position":2,"name":"Projekty","item":"https:\/\/www.miroslavnovotny.sk\/?page_id=157"},{"@type":"ListItem","position":3,"name":"Nadstavba RD"}]},{"@type":"WebSite","@id":"https:\/\/www.miroslavnovotny.sk\/#website","url":"https:\/\/www.miroslavnovotny.sk\/","name":"Ing.arch. Miroslav Novotn\u00fd","description":"architekt","publisher":{"@id":"https:\/\/www.miroslavnovotny.sk\/#organization"},"alternateName":"MN","potentialAction":[{"@type":"SearchAction","target":{"@type":"EntryPoint","urlTemplate":"https:\/\/www.miroslavnovotny.sk\/?s={search_term_string}"},"query-input":{"@type":"PropertyValueSpecification","valueRequired":true,"valueName":"search_term_string"}}],"inLanguage":"en-US"},{"@type":"Organization","@id":"https:\/\/www.miroslavnovotny.sk\/#organization","name":"Ing.arch. Miroslav Novotn\u00fd","alternateName":"MN","url":"https:\/\/www.miroslavnovotny.sk\/","logo":{"@type":"ImageObject","inLanguage":"en-US","@id":"https:\/\/www.miroslavnovotny.sk\/#\/schema\/logo\/image\/","url":"https:\/\/www.miroslavnovotny.sk\/wp-content\/uploads\/2022\/10\/LOGO.jpg","contentUrl":"https:\/\/www.miroslavnovotny.sk\/wp-content\/uploads\/2022\/10\/LOGO.jpg","width":71,"height":99,"caption":"Ing.arch. Miroslav Novotn\u00fd"},"image":{"@id":"https:\/\/www.miroslavnovotny.sk\/#\/schema\/logo\/image\/"},"sameAs":["https:\/\/www.facebook.com\/miroslavnovotnyarchitekt\/"]}]}},"_links":{"self":[{"href":"https:\/\/www.miroslavnovotny.sk\/index.php?rest_route=\/wp\/v2\/pages\/523","targetHints":{"allow":["GET"]}}],"collection":[{"href":"https:\/\/www.miroslavnovotny.sk\/index.php?rest_route=\/wp\/v2\/pages"}],"about":[{"href":"https:\/\/www.miroslavnovotny.sk\/index.php?rest_route=\/wp\/v2\/types\/page"}],"author":[{"embeddable":true,"href":"https:\/\/www.miroslavnovotny.sk\/index.php?rest_route=\/wp\/v2\/users\/1"}],"replies":[{"embeddable":true,"href":"https:\/\/www.miroslavnovotny.sk\/index.php?rest_route=%2Fwp%2Fv2%2Fcomments&post=523"}],"version-history":[{"count":6,"href":"https:\/\/www.miroslavnovotny.sk\/index.php?rest_route=\/wp\/v2\/pages\/523\/revisions"}],"predecessor-version":[{"id":963,"href":"https:\/\/www.miroslavnovotny.sk\/index.php?rest_route=\/wp\/v2\/pages\/523\/revisions\/963"}],"up":[{"embeddable":true,"href":"https:\/\/www.miroslavnovotny.sk\/index.php?rest_route=\/wp\/v2\/pages\/157"}],"wp:attachment":[{"href":"https:\/\/www.miroslavnovotny.sk\/index.php?rest_route=%2Fwp%2Fv2%2Fmedia&parent=523"}],"curies":[{"name":"wp","href":"https:\/\/api.w.org\/{rel}","templated":true}]}}