{"id":380,"date":"2022-10-19T18:54:58","date_gmt":"2022-10-19T18:54:58","guid":{"rendered":"https:\/\/www.miroslavnovotny.sk\/?page_id=380"},"modified":"2025-06-18T10:59:45","modified_gmt":"2025-06-18T10:59:45","slug":"rd_hrbn","status":"publish","type":"page","link":"https:\/\/www.miroslavnovotny.sk\/?page_id=380","title":{"rendered":"RD HRBN"},"content":{"rendered":"\t\t<div data-elementor-type=\"wp-page\" data-elementor-id=\"380\" class=\"elementor elementor-380\" data-elementor-post-type=\"page\">\n\t\t\t\t\t\t<section class=\"elementor-section elementor-top-section elementor-element elementor-element-19f1e1c elementor-section-boxed elementor-section-height-default elementor-section-height-default\" data-id=\"19f1e1c\" data-element_type=\"section\" data-e-type=\"section\">\n\t\t\t\t\t\t<div class=\"elementor-container elementor-column-gap-default\">\n\t\t\t\t\t<div class=\"elementor-column elementor-col-100 elementor-top-column elementor-element elementor-element-23acf9b\" data-id=\"23acf9b\" data-element_type=\"column\" data-e-type=\"column\">\n\t\t\t<div class=\"elementor-widget-wrap elementor-element-populated\">\n\t\t\t\t\t\t\t<\/div>\n\t\t<\/div>\n\t\t\t\t\t<\/div>\n\t\t<\/section>\n\t\t\t\t<section class=\"elementor-section elementor-top-section elementor-element elementor-element-609bfb8 elementor-section-boxed elementor-section-height-default elementor-section-height-default\" data-id=\"609bfb8\" data-element_type=\"section\" data-e-type=\"section\">\n\t\t\t\t\t\t<div class=\"elementor-container elementor-column-gap-default\">\n\t\t\t\t\t<div class=\"elementor-column elementor-col-100 elementor-top-column elementor-element elementor-element-4602bbf\" data-id=\"4602bbf\" data-element_type=\"column\" data-e-type=\"column\">\n\t\t\t<div class=\"elementor-widget-wrap elementor-element-populated\">\n\t\t\t\t\t\t<div class=\"elementor-element elementor-element-df44d82 elementor-widget elementor-widget-text-editor\" data-id=\"df44d82\" data-element_type=\"widget\" data-e-type=\"widget\" data-widget_type=\"text-editor.default\">\n\t\t\t\t<div class=\"elementor-widget-container\">\n\t\t\t\t\t\t\t\t\t<p><b>Miesto<\/b> Malacky<\/p>\n<p><b>Rok<\/b> 2017<\/p>\t\t\t\t\t\t\t\t<\/div>\n\t\t\t\t<\/div>\n\t\t\t\t<div class=\"elementor-element elementor-element-70e5d0d elementor-widget elementor-widget-text-editor\" data-id=\"70e5d0d\" data-element_type=\"widget\" data-e-type=\"widget\" data-widget_type=\"text-editor.default\">\n\t\t\t\t<div class=\"elementor-widget-container\">\n\t\t\t\t\t\t\t\t\t<p>\u00dazka parcela &#8211; p\u00f4vodne z\u00e1hrada.<\/p><p>Zadan\u00edm bolo navrhn\u00fa\u0165 na tomto mieste jednopodla\u017en\u00fd RD s pobytovou terasou na ju\u017enej strane.<\/p><p>Zele\u0148, o ktor\u00fa sme pri\u0161li zastavan\u00edm parcely sa presunula na strechu. Mo\u017eno sa na nej napr\u00edklad opa\u013eova\u0165, alebo len tak \u010d\u00edta\u0165 knihu.<\/p>\t\t\t\t\t\t\t\t<\/div>\n\t\t\t\t<\/div>\n\t\t\t\t<div class=\"elementor-element elementor-element-cf56c48 elementor-widget elementor-widget-spacer\" data-id=\"cf56c48\" data-element_type=\"widget\" data-e-type=\"widget\" data-widget_type=\"spacer.default\">\n\t\t\t\t<div class=\"elementor-widget-container\">\n\t\t\t\t\t\t\t<div class=\"elementor-spacer\">\n\t\t\t<div class=\"elementor-spacer-inner\"><\/div>\n\t\t<\/div>\n\t\t\t\t\t\t<\/div>\n\t\t\t\t<\/div>\n\t\t\t\t<div class=\"elementor-element elementor-element-61dc20c elementor-widget elementor-widget-gallery\" data-id=\"61dc20c\" data-element_type=\"widget\" data-e-type=\"widget\" data-settings=\"{&quot;columns&quot;:3,&quot;aspect_ratio&quot;:&quot;4:3&quot;,&quot;lazyload&quot;:&quot;yes&quot;,&quot;gallery_layout&quot;:&quot;grid&quot;,&quot;columns_tablet&quot;:2,&quot;columns_mobile&quot;:1,&quot;gap&quot;:{&quot;unit&quot;:&quot;px&quot;,&quot;size&quot;:10,&quot;sizes&quot;:[]},&quot;gap_tablet&quot;:{&quot;unit&quot;:&quot;px&quot;,&quot;size&quot;:10,&quot;sizes&quot;:[]},&quot;gap_mobile&quot;:{&quot;unit&quot;:&quot;px&quot;,&quot;size&quot;:10,&quot;sizes&quot;:[]},&quot;link_to&quot;:&quot;file&quot;,&quot;overlay_background&quot;:&quot;yes&quot;,&quot;content_hover_animation&quot;:&quot;fade-in&quot;}\" data-widget_type=\"gallery.default\">\n\t\t\t\t<div class=\"elementor-widget-container\">\n\t\t\t\t\t\t\t<div class=\"elementor-gallery__container\">\n\t\t\t\t\t\t\t<a class=\"e-gallery-item elementor-gallery-item elementor-animated-content\" href=\"https:\/\/www.miroslavnovotny.sk\/wp-content\/uploads\/2022\/10\/42_01.jpg\" data-elementor-open-lightbox=\"yes\" data-elementor-lightbox-slideshow=\"61dc20c\" data-elementor-lightbox-title=\"42_01\" data-e-action-hash=\"#elementor-action%3Aaction%3Dlightbox%26settings%3DeyJpZCI6MjkwLCJ1cmwiOiJodHRwczpcL1wvd3d3Lm1pcm9zbGF2bm92b3RueS5za1wvd3AtY29udGVudFwvdXBsb2Fkc1wvMjAyMlwvMTBcLzQyXzAxLmpwZyIsInNsaWRlc2hvdyI6IjYxZGMyMGMifQ%3D%3D\">\n\t\t\t\t\t<div class=\"e-gallery-image elementor-gallery-item__image\" data-thumbnail=\"https:\/\/www.miroslavnovotny.sk\/wp-content\/uploads\/2022\/10\/42_01.jpg\" data-width=\"1755\" data-height=\"1240\" aria-label=\"\" role=\"img\" ><\/div>\n\t\t\t\t\t\t\t\t\t\t\t<div class=\"elementor-gallery-item__overlay\"><\/div>\n\t\t\t\t\t\t\t\t\t\t\t\t\t\t<\/a>\n\t\t\t\t\t\t\t<a class=\"e-gallery-item elementor-gallery-item elementor-animated-content\" href=\"https:\/\/www.miroslavnovotny.sk\/wp-content\/uploads\/2022\/10\/42_02.jpg\" data-elementor-open-lightbox=\"yes\" data-elementor-lightbox-slideshow=\"61dc20c\" data-elementor-lightbox-title=\"42_02\" data-e-action-hash=\"#elementor-action%3Aaction%3Dlightbox%26settings%3DeyJpZCI6MjkxLCJ1cmwiOiJodHRwczpcL1wvd3d3Lm1pcm9zbGF2bm92b3RueS5za1wvd3AtY29udGVudFwvdXBsb2Fkc1wvMjAyMlwvMTBcLzQyXzAyLmpwZyIsInNsaWRlc2hvdyI6IjYxZGMyMGMifQ%3D%3D\">\n\t\t\t\t\t<div class=\"e-gallery-image elementor-gallery-item__image\" data-thumbnail=\"https:\/\/www.miroslavnovotny.sk\/wp-content\/uploads\/2022\/10\/42_02.jpg\" data-width=\"1800\" data-height=\"1200\" aria-label=\"\" role=\"img\" ><\/div>\n\t\t\t\t\t\t\t\t\t\t\t<div class=\"elementor-gallery-item__overlay\"><\/div>\n\t\t\t\t\t\t\t\t\t\t\t\t\t\t<\/a>\n\t\t\t\t\t\t\t<a class=\"e-gallery-item elementor-gallery-item elementor-animated-content\" href=\"https:\/\/www.miroslavnovotny.sk\/wp-content\/uploads\/2022\/10\/42_03.jpg\" data-elementor-open-lightbox=\"yes\" data-elementor-lightbox-slideshow=\"61dc20c\" data-elementor-lightbox-title=\"42_03\" data-e-action-hash=\"#elementor-action%3Aaction%3Dlightbox%26settings%3DeyJpZCI6MjkyLCJ1cmwiOiJodHRwczpcL1wvd3d3Lm1pcm9zbGF2bm92b3RueS5za1wvd3AtY29udGVudFwvdXBsb2Fkc1wvMjAyMlwvMTBcLzQyXzAzLmpwZyIsInNsaWRlc2hvdyI6IjYxZGMyMGMifQ%3D%3D\">\n\t\t\t\t\t<div class=\"e-gallery-image elementor-gallery-item__image\" data-thumbnail=\"https:\/\/www.miroslavnovotny.sk\/wp-content\/uploads\/2022\/10\/42_03.jpg\" data-width=\"1800\" data-height=\"1200\" aria-label=\"\" role=\"img\" ><\/div>\n\t\t\t\t\t\t\t\t\t\t\t<div class=\"elementor-gallery-item__overlay\"><\/div>\n\t\t\t\t\t\t\t\t\t\t\t\t\t\t<\/a>\n\t\t\t\t\t\t\t<a class=\"e-gallery-item elementor-gallery-item elementor-animated-content\" href=\"https:\/\/www.miroslavnovotny.sk\/wp-content\/uploads\/2022\/10\/42_04.jpg\" data-elementor-open-lightbox=\"yes\" data-elementor-lightbox-slideshow=\"61dc20c\" data-elementor-lightbox-title=\"42_04\" data-e-action-hash=\"#elementor-action%3Aaction%3Dlightbox%26settings%3DeyJpZCI6MjkzLCJ1cmwiOiJodHRwczpcL1wvd3d3Lm1pcm9zbGF2bm92b3RueS5za1wvd3AtY29udGVudFwvdXBsb2Fkc1wvMjAyMlwvMTBcLzQyXzA0LmpwZyIsInNsaWRlc2hvdyI6IjYxZGMyMGMifQ%3D%3D\">\n\t\t\t\t\t<div class=\"e-gallery-image elementor-gallery-item__image\" data-thumbnail=\"https:\/\/www.miroslavnovotny.sk\/wp-content\/uploads\/2022\/10\/42_04.jpg\" data-width=\"1800\" data-height=\"1200\" aria-label=\"\" role=\"img\" ><\/div>\n\t\t\t\t\t\t\t\t\t\t\t<div class=\"elementor-gallery-item__overlay\"><\/div>\n\t\t\t\t\t\t\t\t\t\t\t\t\t\t<\/a>\n\t\t\t\t\t<\/div>\n\t\t\t\t\t<\/div>\n\t\t\t\t<\/div>\n\t\t\t\t\t<\/div>\n\t\t<\/div>\n\t\t\t\t\t<\/div>\n\t\t<\/section>\n\t\t\t\t<\/div>\n\t\t","protected":false},"excerpt":{"rendered":"<p>Miesto Malacky Rok 2017 \u00dazka parcela &#8211; p\u00f4vodne z\u00e1hrada. Zadan\u00edm bolo navrhn\u00fa\u0165 na tomto mieste jednopodla\u017en\u00fd RD s pobytovou terasou na ju\u017enej strane. Zele\u0148, o ktor\u00fa sme pri\u0161li zastavan\u00edm parcely sa presunula na strechu. Mo\u017eno sa na nej napr\u00edklad opa\u013eova\u0165, alebo len tak \u010d\u00edta\u0165 knihu.<\/p>\n","protected":false},"author":1,"featured_media":0,"parent":157,"menu_order":0,"comment_status":"closed","ping_status":"closed","template":"elementor_header_footer","meta":{"_monsterinsights_skip_tracking":false,"_monsterinsights_sitenote_active":false,"_monsterinsights_sitenote_note":"","_monsterinsights_sitenote_category":0,"footnotes":""},"class_list":["post-380","page","type-page","status-publish","hentry"],"yoast_head":"<!-- This site is optimized with the Yoast SEO Premium plugin v19.5 (Yoast SEO v27.5) - https:\/\/yoast.com\/product\/yoast-seo-premium-wordpress\/ -->\n<title>RD HRBN - Ing.arch. Miroslav Novotn\u00fd<\/title>\n<meta name=\"description\" content=\"Architekt \u017eij\u00faci v Stupave. P\u00f4sobiaci v Bratislave a \u0161ir\u0161om okol\u00ed.\" \/>\n<meta name=\"robots\" content=\"index, follow, max-snippet:-1, max-image-preview:large, max-video-preview:-1\" \/>\n<link rel=\"canonical\" href=\"https:\/\/www.miroslavnovotny.sk\/?page_id=380\" \/>\n<meta property=\"og:locale\" content=\"en_US\" \/>\n<meta property=\"og:type\" content=\"article\" \/>\n<meta property=\"og:title\" content=\"RD HRBN\" \/>\n<meta property=\"og:description\" content=\"Architekt \u017eij\u00faci v Stupave. P\u00f4sobiaci v Bratislave a \u0161ir\u0161om okol\u00ed.\" \/>\n<meta property=\"og:url\" content=\"https:\/\/www.miroslavnovotny.sk\/?page_id=380\" \/>\n<meta property=\"og:site_name\" content=\"Ing.arch. Miroslav Novotn\u00fd\" \/>\n<meta property=\"article:publisher\" content=\"https:\/\/www.facebook.com\/miroslavnovotnyarchitekt\/\" \/>\n<meta property=\"article:modified_time\" content=\"2025-06-18T10:59:45+00:00\" \/>\n<meta name=\"twitter:card\" content=\"summary_large_image\" \/>\n<meta name=\"twitter:label1\" content=\"Est. reading time\" \/>\n\t<meta name=\"twitter:data1\" content=\"1 minute\" \/>\n<script type=\"application\/ld+json\" class=\"yoast-schema-graph\">{\"@context\":\"https:\\\/\\\/schema.org\",\"@graph\":[{\"@type\":\"WebPage\",\"@id\":\"https:\\\/\\\/www.miroslavnovotny.sk\\\/?page_id=380\",\"url\":\"https:\\\/\\\/www.miroslavnovotny.sk\\\/?page_id=380\",\"name\":\"RD HRBN - Ing.arch. Miroslav Novotn\u00fd\",\"isPartOf\":{\"@id\":\"https:\\\/\\\/www.miroslavnovotny.sk\\\/#website\"},\"datePublished\":\"2022-10-19T18:54:58+00:00\",\"dateModified\":\"2025-06-18T10:59:45+00:00\",\"description\":\"Architekt \u017eij\u00faci v Stupave. P\u00f4sobiaci v Bratislave a \u0161ir\u0161om okol\u00ed.\",\"breadcrumb\":{\"@id\":\"https:\\\/\\\/www.miroslavnovotny.sk\\\/?page_id=380#breadcrumb\"},\"inLanguage\":\"en-US\",\"potentialAction\":[{\"@type\":\"ReadAction\",\"target\":[\"https:\\\/\\\/www.miroslavnovotny.sk\\\/?page_id=380\"]}]},{\"@type\":\"BreadcrumbList\",\"@id\":\"https:\\\/\\\/www.miroslavnovotny.sk\\\/?page_id=380#breadcrumb\",\"itemListElement\":[{\"@type\":\"ListItem\",\"position\":1,\"name\":\"Home\",\"item\":\"https:\\\/\\\/www.miroslavnovotny.sk\\\/\"},{\"@type\":\"ListItem\",\"position\":2,\"name\":\"Projekty\",\"item\":\"https:\\\/\\\/www.miroslavnovotny.sk\\\/?page_id=157\"},{\"@type\":\"ListItem\",\"position\":3,\"name\":\"RD HRBN\"}]},{\"@type\":\"WebSite\",\"@id\":\"https:\\\/\\\/www.miroslavnovotny.sk\\\/#website\",\"url\":\"https:\\\/\\\/www.miroslavnovotny.sk\\\/\",\"name\":\"Ing.arch. Miroslav Novotn\u00fd\",\"description\":\"architekt\",\"publisher\":{\"@id\":\"https:\\\/\\\/www.miroslavnovotny.sk\\\/#organization\"},\"alternateName\":\"MN\",\"potentialAction\":[{\"@type\":\"SearchAction\",\"target\":{\"@type\":\"EntryPoint\",\"urlTemplate\":\"https:\\\/\\\/www.miroslavnovotny.sk\\\/?s={search_term_string}\"},\"query-input\":{\"@type\":\"PropertyValueSpecification\",\"valueRequired\":true,\"valueName\":\"search_term_string\"}}],\"inLanguage\":\"en-US\"},{\"@type\":\"Organization\",\"@id\":\"https:\\\/\\\/www.miroslavnovotny.sk\\\/#organization\",\"name\":\"Ing.arch. Miroslav Novotn\u00fd\",\"alternateName\":\"MN\",\"url\":\"https:\\\/\\\/www.miroslavnovotny.sk\\\/\",\"logo\":{\"@type\":\"ImageObject\",\"inLanguage\":\"en-US\",\"@id\":\"https:\\\/\\\/www.miroslavnovotny.sk\\\/#\\\/schema\\\/logo\\\/image\\\/\",\"url\":\"https:\\\/\\\/www.miroslavnovotny.sk\\\/wp-content\\\/uploads\\\/2022\\\/10\\\/LOGO.jpg\",\"contentUrl\":\"https:\\\/\\\/www.miroslavnovotny.sk\\\/wp-content\\\/uploads\\\/2022\\\/10\\\/LOGO.jpg\",\"width\":71,\"height\":99,\"caption\":\"Ing.arch. Miroslav Novotn\u00fd\"},\"image\":{\"@id\":\"https:\\\/\\\/www.miroslavnovotny.sk\\\/#\\\/schema\\\/logo\\\/image\\\/\"},\"sameAs\":[\"https:\\\/\\\/www.facebook.com\\\/miroslavnovotnyarchitekt\\\/\"]}]}<\/script>\n<!-- \/ Yoast SEO Premium plugin. -->","yoast_head_json":{"title":"RD HRBN - Ing.arch. Miroslav Novotn\u00fd","description":"Architekt \u017eij\u00faci v Stupave. P\u00f4sobiaci v Bratislave a \u0161ir\u0161om okol\u00ed.","robots":{"index":"index","follow":"follow","max-snippet":"max-snippet:-1","max-image-preview":"max-image-preview:large","max-video-preview":"max-video-preview:-1"},"canonical":"https:\/\/www.miroslavnovotny.sk\/?page_id=380","og_locale":"en_US","og_type":"article","og_title":"RD HRBN","og_description":"Architekt \u017eij\u00faci v Stupave. P\u00f4sobiaci v Bratislave a \u0161ir\u0161om okol\u00ed.","og_url":"https:\/\/www.miroslavnovotny.sk\/?page_id=380","og_site_name":"Ing.arch. Miroslav Novotn\u00fd","article_publisher":"https:\/\/www.facebook.com\/miroslavnovotnyarchitekt\/","article_modified_time":"2025-06-18T10:59:45+00:00","twitter_card":"summary_large_image","twitter_misc":{"Est. reading time":"1 minute"},"schema":{"@context":"https:\/\/schema.org","@graph":[{"@type":"WebPage","@id":"https:\/\/www.miroslavnovotny.sk\/?page_id=380","url":"https:\/\/www.miroslavnovotny.sk\/?page_id=380","name":"RD HRBN - Ing.arch. Miroslav Novotn\u00fd","isPartOf":{"@id":"https:\/\/www.miroslavnovotny.sk\/#website"},"datePublished":"2022-10-19T18:54:58+00:00","dateModified":"2025-06-18T10:59:45+00:00","description":"Architekt \u017eij\u00faci v Stupave. P\u00f4sobiaci v Bratislave a \u0161ir\u0161om okol\u00ed.","breadcrumb":{"@id":"https:\/\/www.miroslavnovotny.sk\/?page_id=380#breadcrumb"},"inLanguage":"en-US","potentialAction":[{"@type":"ReadAction","target":["https:\/\/www.miroslavnovotny.sk\/?page_id=380"]}]},{"@type":"BreadcrumbList","@id":"https:\/\/www.miroslavnovotny.sk\/?page_id=380#breadcrumb","itemListElement":[{"@type":"ListItem","position":1,"name":"Home","item":"https:\/\/www.miroslavnovotny.sk\/"},{"@type":"ListItem","position":2,"name":"Projekty","item":"https:\/\/www.miroslavnovotny.sk\/?page_id=157"},{"@type":"ListItem","position":3,"name":"RD HRBN"}]},{"@type":"WebSite","@id":"https:\/\/www.miroslavnovotny.sk\/#website","url":"https:\/\/www.miroslavnovotny.sk\/","name":"Ing.arch. Miroslav Novotn\u00fd","description":"architekt","publisher":{"@id":"https:\/\/www.miroslavnovotny.sk\/#organization"},"alternateName":"MN","potentialAction":[{"@type":"SearchAction","target":{"@type":"EntryPoint","urlTemplate":"https:\/\/www.miroslavnovotny.sk\/?s={search_term_string}"},"query-input":{"@type":"PropertyValueSpecification","valueRequired":true,"valueName":"search_term_string"}}],"inLanguage":"en-US"},{"@type":"Organization","@id":"https:\/\/www.miroslavnovotny.sk\/#organization","name":"Ing.arch. Miroslav Novotn\u00fd","alternateName":"MN","url":"https:\/\/www.miroslavnovotny.sk\/","logo":{"@type":"ImageObject","inLanguage":"en-US","@id":"https:\/\/www.miroslavnovotny.sk\/#\/schema\/logo\/image\/","url":"https:\/\/www.miroslavnovotny.sk\/wp-content\/uploads\/2022\/10\/LOGO.jpg","contentUrl":"https:\/\/www.miroslavnovotny.sk\/wp-content\/uploads\/2022\/10\/LOGO.jpg","width":71,"height":99,"caption":"Ing.arch. Miroslav Novotn\u00fd"},"image":{"@id":"https:\/\/www.miroslavnovotny.sk\/#\/schema\/logo\/image\/"},"sameAs":["https:\/\/www.facebook.com\/miroslavnovotnyarchitekt\/"]}]}},"_links":{"self":[{"href":"https:\/\/www.miroslavnovotny.sk\/index.php?rest_route=\/wp\/v2\/pages\/380","targetHints":{"allow":["GET"]}}],"collection":[{"href":"https:\/\/www.miroslavnovotny.sk\/index.php?rest_route=\/wp\/v2\/pages"}],"about":[{"href":"https:\/\/www.miroslavnovotny.sk\/index.php?rest_route=\/wp\/v2\/types\/page"}],"author":[{"embeddable":true,"href":"https:\/\/www.miroslavnovotny.sk\/index.php?rest_route=\/wp\/v2\/users\/1"}],"replies":[{"embeddable":true,"href":"https:\/\/www.miroslavnovotny.sk\/index.php?rest_route=%2Fwp%2Fv2%2Fcomments&post=380"}],"version-history":[{"count":6,"href":"https:\/\/www.miroslavnovotny.sk\/index.php?rest_route=\/wp\/v2\/pages\/380\/revisions"}],"predecessor-version":[{"id":996,"href":"https:\/\/www.miroslavnovotny.sk\/index.php?rest_route=\/wp\/v2\/pages\/380\/revisions\/996"}],"up":[{"embeddable":true,"href":"https:\/\/www.miroslavnovotny.sk\/index.php?rest_route=\/wp\/v2\/pages\/157"}],"wp:attachment":[{"href":"https:\/\/www.miroslavnovotny.sk\/index.php?rest_route=%2Fwp%2Fv2%2Fmedia&parent=380"}],"curies":[{"name":"wp","href":"https:\/\/api.w.org\/{rel}","templated":true}]}}