{"id":348,"date":"2022-10-19T17:55:36","date_gmt":"2022-10-19T17:55:36","guid":{"rendered":"https:\/\/www.miroslavnovotny.sk\/?page_id=348"},"modified":"2025-06-18T11:02:04","modified_gmt":"2025-06-18T11:02:04","slug":"stefanikova-41","status":"publish","type":"page","link":"https:\/\/www.miroslavnovotny.sk\/?page_id=348","title":{"rendered":"\u0160tef\u00e1nikova 41"},"content":{"rendered":"\t\t<div data-elementor-type=\"wp-page\" data-elementor-id=\"348\" class=\"elementor elementor-348\" data-elementor-post-type=\"page\">\n\t\t\t\t\t\t<section class=\"elementor-section elementor-top-section elementor-element elementor-element-61ea117 elementor-section-boxed elementor-section-height-default elementor-section-height-default\" data-id=\"61ea117\" data-element_type=\"section\" data-e-type=\"section\">\n\t\t\t\t\t\t<div class=\"elementor-container elementor-column-gap-default\">\n\t\t\t\t\t<div class=\"elementor-column elementor-col-100 elementor-top-column elementor-element elementor-element-56418b7\" data-id=\"56418b7\" data-element_type=\"column\" data-e-type=\"column\">\n\t\t\t<div class=\"elementor-widget-wrap elementor-element-populated\">\n\t\t\t\t\t\t\t<\/div>\n\t\t<\/div>\n\t\t\t\t\t<\/div>\n\t\t<\/section>\n\t\t\t\t<section class=\"elementor-section elementor-top-section elementor-element elementor-element-20e511c elementor-section-boxed elementor-section-height-default elementor-section-height-default\" data-id=\"20e511c\" data-element_type=\"section\" data-e-type=\"section\">\n\t\t\t\t\t\t<div class=\"elementor-container elementor-column-gap-default\">\n\t\t\t\t\t<div class=\"elementor-column elementor-col-100 elementor-top-column elementor-element elementor-element-2d441f2\" data-id=\"2d441f2\" data-element_type=\"column\" data-e-type=\"column\">\n\t\t\t<div class=\"elementor-widget-wrap elementor-element-populated\">\n\t\t\t\t\t\t<div class=\"elementor-element elementor-element-fbb7fb3 elementor-widget elementor-widget-text-editor\" data-id=\"fbb7fb3\" data-element_type=\"widget\" data-e-type=\"widget\" data-widget_type=\"text-editor.default\">\n\t\t\t\t<div class=\"elementor-widget-container\">\n\t\t\t\t\t\t\t\t\t<p>Miesto Bratislava<\/p><p>Rok 2014<\/p><p>\u00a0<\/p><p>Autori<\/p><p>Ing.arch. Alexander N\u00e9meth<\/p><p>Ing.arch Miroslav Novotn\u00fd<\/p>\t\t\t\t\t\t\t\t<\/div>\n\t\t\t\t<\/div>\n\t\t\t\t<div class=\"elementor-element elementor-element-7f88c30 elementor-widget elementor-widget-text-editor\" data-id=\"7f88c30\" data-element_type=\"widget\" data-e-type=\"widget\" data-widget_type=\"text-editor.default\">\n\t\t\t\t<div class=\"elementor-widget-container\">\n\t\t\t\t\t\t\t\t\t<p>Objekt je NKP zap\u00edsan\u00fd v \u00daZPF pod \u010d\u00edslom 591<\/p><p>\u00a0<\/p><p>Z\u00e1merom bolo vytvori\u0165 s\u00fa\u010dasn\u00e9 architektonick\u00e9 dielo, ktor\u00e9 v\u0161ak po tvarovej a kompozi\u010dnej str\u00e1nke bude neru\u0161iv\u00e9 &#8211; bude p\u00f4sobi\u0165 ako tradi\u010dn\u00e1 fas\u00e1da a tradi\u010dn\u00e1 strecha v proporci\u00e1ch zodpovedaj\u00facich historick\u00fdm archetypom.<\/p><p>Objekt bol rekon\u0161truovan\u00fd bez z\u00e1sadnej zmeny dispoz\u00edcie a s umiernenou \u00fapravou hmotovo-priestorovej skladby spodnej murovanej stavby. T\u00e1 bola zachovan\u00e1, resp. obnoven\u00e1 konzerva\u010dnou met\u00f3dou. Met\u00f3da adapt\u00e1cie sa t\u00fdkala predov\u0161etk\u00fdm nadstavby a zobytnenia podkrovia, ktor\u00e9 sa rie\u0161ili formou zodpovedaj\u00facou nielen potreb\u00e1m funk\u010dn\u00fdm a technick\u00fdm ale aj odkazu kult\u00farneho dedi\u010dstva.<\/p>\t\t\t\t\t\t\t\t<\/div>\n\t\t\t\t<\/div>\n\t\t\t\t<div class=\"elementor-element elementor-element-56c19ed elementor-widget elementor-widget-spacer\" data-id=\"56c19ed\" data-element_type=\"widget\" data-e-type=\"widget\" data-widget_type=\"spacer.default\">\n\t\t\t\t<div class=\"elementor-widget-container\">\n\t\t\t\t\t\t\t<div class=\"elementor-spacer\">\n\t\t\t<div class=\"elementor-spacer-inner\"><\/div>\n\t\t<\/div>\n\t\t\t\t\t\t<\/div>\n\t\t\t\t<\/div>\n\t\t\t\t<div class=\"elementor-element elementor-element-37ea072 elementor-widget elementor-widget-gallery\" data-id=\"37ea072\" data-element_type=\"widget\" data-e-type=\"widget\" data-settings=\"{&quot;gallery_layout&quot;:&quot;masonry&quot;,&quot;columns&quot;:3,&quot;lazyload&quot;:&quot;yes&quot;,&quot;columns_tablet&quot;:2,&quot;columns_mobile&quot;:1,&quot;gap&quot;:{&quot;unit&quot;:&quot;px&quot;,&quot;size&quot;:10,&quot;sizes&quot;:[]},&quot;gap_tablet&quot;:{&quot;unit&quot;:&quot;px&quot;,&quot;size&quot;:10,&quot;sizes&quot;:[]},&quot;gap_mobile&quot;:{&quot;unit&quot;:&quot;px&quot;,&quot;size&quot;:10,&quot;sizes&quot;:[]},&quot;link_to&quot;:&quot;file&quot;,&quot;overlay_background&quot;:&quot;yes&quot;,&quot;content_hover_animation&quot;:&quot;fade-in&quot;}\" data-widget_type=\"gallery.default\">\n\t\t\t\t<div class=\"elementor-widget-container\">\n\t\t\t\t\t\t\t<div class=\"elementor-gallery__container\">\n\t\t\t\t\t\t\t<a class=\"e-gallery-item elementor-gallery-item elementor-animated-content\" href=\"https:\/\/www.miroslavnovotny.sk\/wp-content\/uploads\/2022\/10\/01-1.jpg\" data-elementor-open-lightbox=\"yes\" data-elementor-lightbox-slideshow=\"37ea072\" data-elementor-lightbox-title=\"01\" data-e-action-hash=\"#elementor-action%3Aaction%3Dlightbox%26settings%3DeyJpZCI6MzYwLCJ1cmwiOiJodHRwczpcL1wvd3d3Lm1pcm9zbGF2bm92b3RueS5za1wvd3AtY29udGVudFwvdXBsb2Fkc1wvMjAyMlwvMTBcLzAxLTEuanBnIiwic2xpZGVzaG93IjoiMzdlYTA3MiJ9\">\n\t\t\t\t\t<div class=\"e-gallery-image elementor-gallery-item__image\" data-thumbnail=\"https:\/\/www.miroslavnovotny.sk\/wp-content\/uploads\/2022\/10\/01-1.jpg\" data-width=\"1200\" data-height=\"900\" aria-label=\"\" role=\"img\" ><\/div>\n\t\t\t\t\t\t\t\t\t\t\t<div class=\"elementor-gallery-item__overlay\"><\/div>\n\t\t\t\t\t\t\t\t\t\t\t\t\t\t<\/a>\n\t\t\t\t\t\t\t<a class=\"e-gallery-item elementor-gallery-item elementor-animated-content\" href=\"https:\/\/www.miroslavnovotny.sk\/wp-content\/uploads\/2022\/10\/02-1.jpg\" data-elementor-open-lightbox=\"yes\" data-elementor-lightbox-slideshow=\"37ea072\" data-elementor-lightbox-title=\"02\" data-e-action-hash=\"#elementor-action%3Aaction%3Dlightbox%26settings%3DeyJpZCI6MzYxLCJ1cmwiOiJodHRwczpcL1wvd3d3Lm1pcm9zbGF2bm92b3RueS5za1wvd3AtY29udGVudFwvdXBsb2Fkc1wvMjAyMlwvMTBcLzAyLTEuanBnIiwic2xpZGVzaG93IjoiMzdlYTA3MiJ9\">\n\t\t\t\t\t<div class=\"e-gallery-image elementor-gallery-item__image\" data-thumbnail=\"https:\/\/www.miroslavnovotny.sk\/wp-content\/uploads\/2022\/10\/02-1.jpg\" data-width=\"1200\" data-height=\"900\" aria-label=\"\" role=\"img\" ><\/div>\n\t\t\t\t\t\t\t\t\t\t\t<div class=\"elementor-gallery-item__overlay\"><\/div>\n\t\t\t\t\t\t\t\t\t\t\t\t\t\t<\/a>\n\t\t\t\t\t\t\t<a class=\"e-gallery-item elementor-gallery-item elementor-animated-content\" href=\"https:\/\/www.miroslavnovotny.sk\/wp-content\/uploads\/2022\/10\/03-1.jpg\" data-elementor-open-lightbox=\"yes\" data-elementor-lightbox-slideshow=\"37ea072\" data-elementor-lightbox-title=\"03\" data-e-action-hash=\"#elementor-action%3Aaction%3Dlightbox%26settings%3DeyJpZCI6MzYyLCJ1cmwiOiJodHRwczpcL1wvd3d3Lm1pcm9zbGF2bm92b3RueS5za1wvd3AtY29udGVudFwvdXBsb2Fkc1wvMjAyMlwvMTBcLzAzLTEuanBnIiwic2xpZGVzaG93IjoiMzdlYTA3MiJ9\">\n\t\t\t\t\t<div class=\"e-gallery-image elementor-gallery-item__image\" data-thumbnail=\"https:\/\/www.miroslavnovotny.sk\/wp-content\/uploads\/2022\/10\/03-1.jpg\" data-width=\"900\" data-height=\"1200\" aria-label=\"\" role=\"img\" ><\/div>\n\t\t\t\t\t\t\t\t\t\t\t<div class=\"elementor-gallery-item__overlay\"><\/div>\n\t\t\t\t\t\t\t\t\t\t\t\t\t\t<\/a>\n\t\t\t\t\t\t\t<a class=\"e-gallery-item elementor-gallery-item elementor-animated-content\" href=\"https:\/\/www.miroslavnovotny.sk\/wp-content\/uploads\/2022\/10\/N3_1.POSCHODIE.jpg\" data-elementor-open-lightbox=\"yes\" data-elementor-lightbox-slideshow=\"37ea072\" data-elementor-lightbox-title=\"N3_1.POSCHODIE\" data-e-action-hash=\"#elementor-action%3Aaction%3Dlightbox%26settings%3DeyJpZCI6MzYzLCJ1cmwiOiJodHRwczpcL1wvd3d3Lm1pcm9zbGF2bm92b3RueS5za1wvd3AtY29udGVudFwvdXBsb2Fkc1wvMjAyMlwvMTBcL04zXzEuUE9TQ0hPRElFLmpwZyIsInNsaWRlc2hvdyI6IjM3ZWEwNzIifQ%3D%3D\">\n\t\t\t\t\t<div class=\"e-gallery-image elementor-gallery-item__image\" data-thumbnail=\"https:\/\/www.miroslavnovotny.sk\/wp-content\/uploads\/2022\/10\/N3_1.POSCHODIE.jpg\" data-width=\"1191\" data-height=\"1684\" aria-label=\"\" role=\"img\" ><\/div>\n\t\t\t\t\t\t\t\t\t\t\t<div class=\"elementor-gallery-item__overlay\"><\/div>\n\t\t\t\t\t\t\t\t\t\t\t\t\t\t<\/a>\n\t\t\t\t\t\t\t<a class=\"e-gallery-item elementor-gallery-item elementor-animated-content\" href=\"https:\/\/www.miroslavnovotny.sk\/wp-content\/uploads\/2022\/10\/N8_REZ-B-B.jpg\" data-elementor-open-lightbox=\"yes\" data-elementor-lightbox-slideshow=\"37ea072\" data-elementor-lightbox-title=\"N8_REZ B-B&#039;\" data-e-action-hash=\"#elementor-action%3Aaction%3Dlightbox%26settings%3DeyJpZCI6MzU3LCJ1cmwiOiJodHRwczpcL1wvd3d3Lm1pcm9zbGF2bm92b3RueS5za1wvd3AtY29udGVudFwvdXBsb2Fkc1wvMjAyMlwvMTBcL044X1JFWi1CLUIuanBnIiwic2xpZGVzaG93IjoiMzdlYTA3MiJ9\">\n\t\t\t\t\t<div class=\"e-gallery-image elementor-gallery-item__image\" data-thumbnail=\"https:\/\/www.miroslavnovotny.sk\/wp-content\/uploads\/2022\/10\/N8_REZ-B-B.jpg\" data-width=\"1191\" data-height=\"1684\" aria-label=\"\" role=\"img\" ><\/div>\n\t\t\t\t\t\t\t\t\t\t\t<div class=\"elementor-gallery-item__overlay\"><\/div>\n\t\t\t\t\t\t\t\t\t\t\t\t\t\t<\/a>\n\t\t\t\t\t\t\t<a class=\"e-gallery-item elementor-gallery-item elementor-animated-content\" href=\"https:\/\/www.miroslavnovotny.sk\/wp-content\/uploads\/2022\/10\/N10_POHLAD-VYCHODNY.jpg\" data-elementor-open-lightbox=\"yes\" data-elementor-lightbox-slideshow=\"37ea072\" data-elementor-lightbox-title=\"N10_POH\u013dAD V\u00ddCHODN\u00dd\" data-e-action-hash=\"#elementor-action%3Aaction%3Dlightbox%26settings%3DeyJpZCI6MzU4LCJ1cmwiOiJodHRwczpcL1wvd3d3Lm1pcm9zbGF2bm92b3RueS5za1wvd3AtY29udGVudFwvdXBsb2Fkc1wvMjAyMlwvMTBcL04xMF9QT0hMQUQtVllDSE9ETlkuanBnIiwic2xpZGVzaG93IjoiMzdlYTA3MiJ9\">\n\t\t\t\t\t<div class=\"e-gallery-image elementor-gallery-item__image\" data-thumbnail=\"https:\/\/www.miroslavnovotny.sk\/wp-content\/uploads\/2022\/10\/N10_POHLAD-VYCHODNY.jpg\" data-width=\"1191\" data-height=\"1684\" aria-label=\"\" role=\"img\" ><\/div>\n\t\t\t\t\t\t\t\t\t\t\t<div class=\"elementor-gallery-item__overlay\"><\/div>\n\t\t\t\t\t\t\t\t\t\t\t\t\t\t<\/a>\n\t\t\t\t\t\t\t<a class=\"e-gallery-item elementor-gallery-item elementor-animated-content\" href=\"https:\/\/www.miroslavnovotny.sk\/wp-content\/uploads\/2022\/10\/N11_POHLAD-JUZNY.jpg\" data-elementor-open-lightbox=\"yes\" data-elementor-lightbox-slideshow=\"37ea072\" data-elementor-lightbox-title=\"N11_POH\u013dAD JU\u017dN\u00dd\" data-e-action-hash=\"#elementor-action%3Aaction%3Dlightbox%26settings%3DeyJpZCI6MzU5LCJ1cmwiOiJodHRwczpcL1wvd3d3Lm1pcm9zbGF2bm92b3RueS5za1wvd3AtY29udGVudFwvdXBsb2Fkc1wvMjAyMlwvMTBcL04xMV9QT0hMQUQtSlVaTlkuanBnIiwic2xpZGVzaG93IjoiMzdlYTA3MiJ9\">\n\t\t\t\t\t<div class=\"e-gallery-image elementor-gallery-item__image\" data-thumbnail=\"https:\/\/www.miroslavnovotny.sk\/wp-content\/uploads\/2022\/10\/N11_POHLAD-JUZNY.jpg\" data-width=\"1191\" data-height=\"1684\" aria-label=\"\" role=\"img\" ><\/div>\n\t\t\t\t\t\t\t\t\t\t\t<div class=\"elementor-gallery-item__overlay\"><\/div>\n\t\t\t\t\t\t\t\t\t\t\t\t\t\t<\/a>\n\t\t\t\t\t<\/div>\n\t\t\t\t\t<\/div>\n\t\t\t\t<\/div>\n\t\t\t\t\t<\/div>\n\t\t<\/div>\n\t\t\t\t\t<\/div>\n\t\t<\/section>\n\t\t\t\t<\/div>\n\t\t","protected":false},"excerpt":{"rendered":"<p>Miesto Bratislava Rok 2014 \u00a0 Autori Ing.arch. Alexander N\u00e9meth Ing.arch Miroslav Novotn\u00fd Objekt je NKP zap\u00edsan\u00fd v \u00daZPF pod \u010d\u00edslom 591 \u00a0 Z\u00e1merom bolo vytvori\u0165 s\u00fa\u010dasn\u00e9 architektonick\u00e9 dielo, ktor\u00e9 v\u0161ak po tvarovej a kompozi\u010dnej str\u00e1nke bude neru\u0161iv\u00e9 &#8211; bude p\u00f4sobi\u0165 ako tradi\u010dn\u00e1 fas\u00e1da a tradi\u010dn\u00e1 strecha v proporci\u00e1ch zodpovedaj\u00facich historick\u00fdm archetypom. Objekt bol rekon\u0161truovan\u00fd bez [&hellip;]<\/p>\n","protected":false},"author":1,"featured_media":0,"parent":157,"menu_order":0,"comment_status":"closed","ping_status":"closed","template":"elementor_header_footer","meta":{"_monsterinsights_skip_tracking":false,"_monsterinsights_sitenote_active":false,"_monsterinsights_sitenote_note":"","_monsterinsights_sitenote_category":0,"footnotes":""},"class_list":["post-348","page","type-page","status-publish","hentry"],"yoast_head":"<!-- This site is optimized with the Yoast SEO Premium plugin v19.5 (Yoast SEO v27.5) - https:\/\/yoast.com\/product\/yoast-seo-premium-wordpress\/ -->\n<title>\u0160tef\u00e1nikova 41 - Ing.arch. Miroslav Novotn\u00fd<\/title>\n<meta name=\"description\" content=\"Architekt \u017eij\u00faci v Stupave. P\u00f4sobiaci v Bratislave a \u0161ir\u0161om okol\u00ed.\" \/>\n<meta name=\"robots\" content=\"index, follow, max-snippet:-1, max-image-preview:large, max-video-preview:-1\" \/>\n<link rel=\"canonical\" href=\"https:\/\/www.miroslavnovotny.sk\/?page_id=348\" \/>\n<meta property=\"og:locale\" content=\"en_US\" \/>\n<meta property=\"og:type\" content=\"article\" \/>\n<meta property=\"og:title\" content=\"\u0160tef\u00e1nikova 41\" \/>\n<meta property=\"og:description\" content=\"Architekt \u017eij\u00faci v Stupave. P\u00f4sobiaci v Bratislave a \u0161ir\u0161om okol\u00ed.\" \/>\n<meta property=\"og:url\" content=\"https:\/\/www.miroslavnovotny.sk\/?page_id=348\" \/>\n<meta property=\"og:site_name\" content=\"Ing.arch. Miroslav Novotn\u00fd\" \/>\n<meta property=\"article:publisher\" content=\"https:\/\/www.facebook.com\/miroslavnovotnyarchitekt\/\" \/>\n<meta property=\"article:modified_time\" content=\"2025-06-18T11:02:04+00:00\" \/>\n<meta name=\"twitter:card\" content=\"summary_large_image\" \/>\n<meta name=\"twitter:label1\" content=\"Est. reading time\" \/>\n\t<meta name=\"twitter:data1\" content=\"1 minute\" \/>\n<script type=\"application\/ld+json\" class=\"yoast-schema-graph\">{\"@context\":\"https:\\\/\\\/schema.org\",\"@graph\":[{\"@type\":\"WebPage\",\"@id\":\"https:\\\/\\\/www.miroslavnovotny.sk\\\/?page_id=348\",\"url\":\"https:\\\/\\\/www.miroslavnovotny.sk\\\/?page_id=348\",\"name\":\"\u0160tef\u00e1nikova 41 - Ing.arch. Miroslav Novotn\u00fd\",\"isPartOf\":{\"@id\":\"https:\\\/\\\/www.miroslavnovotny.sk\\\/#website\"},\"datePublished\":\"2022-10-19T17:55:36+00:00\",\"dateModified\":\"2025-06-18T11:02:04+00:00\",\"description\":\"Architekt \u017eij\u00faci v Stupave. P\u00f4sobiaci v Bratislave a \u0161ir\u0161om okol\u00ed.\",\"breadcrumb\":{\"@id\":\"https:\\\/\\\/www.miroslavnovotny.sk\\\/?page_id=348#breadcrumb\"},\"inLanguage\":\"en-US\",\"potentialAction\":[{\"@type\":\"ReadAction\",\"target\":[\"https:\\\/\\\/www.miroslavnovotny.sk\\\/?page_id=348\"]}]},{\"@type\":\"BreadcrumbList\",\"@id\":\"https:\\\/\\\/www.miroslavnovotny.sk\\\/?page_id=348#breadcrumb\",\"itemListElement\":[{\"@type\":\"ListItem\",\"position\":1,\"name\":\"Home\",\"item\":\"https:\\\/\\\/www.miroslavnovotny.sk\\\/\"},{\"@type\":\"ListItem\",\"position\":2,\"name\":\"Projekty\",\"item\":\"https:\\\/\\\/www.miroslavnovotny.sk\\\/?page_id=157\"},{\"@type\":\"ListItem\",\"position\":3,\"name\":\"\u0160tef\u00e1nikova 41\"}]},{\"@type\":\"WebSite\",\"@id\":\"https:\\\/\\\/www.miroslavnovotny.sk\\\/#website\",\"url\":\"https:\\\/\\\/www.miroslavnovotny.sk\\\/\",\"name\":\"Ing.arch. Miroslav Novotn\u00fd\",\"description\":\"architekt\",\"publisher\":{\"@id\":\"https:\\\/\\\/www.miroslavnovotny.sk\\\/#organization\"},\"alternateName\":\"MN\",\"potentialAction\":[{\"@type\":\"SearchAction\",\"target\":{\"@type\":\"EntryPoint\",\"urlTemplate\":\"https:\\\/\\\/www.miroslavnovotny.sk\\\/?s={search_term_string}\"},\"query-input\":{\"@type\":\"PropertyValueSpecification\",\"valueRequired\":true,\"valueName\":\"search_term_string\"}}],\"inLanguage\":\"en-US\"},{\"@type\":\"Organization\",\"@id\":\"https:\\\/\\\/www.miroslavnovotny.sk\\\/#organization\",\"name\":\"Ing.arch. Miroslav Novotn\u00fd\",\"alternateName\":\"MN\",\"url\":\"https:\\\/\\\/www.miroslavnovotny.sk\\\/\",\"logo\":{\"@type\":\"ImageObject\",\"inLanguage\":\"en-US\",\"@id\":\"https:\\\/\\\/www.miroslavnovotny.sk\\\/#\\\/schema\\\/logo\\\/image\\\/\",\"url\":\"https:\\\/\\\/www.miroslavnovotny.sk\\\/wp-content\\\/uploads\\\/2022\\\/10\\\/LOGO.jpg\",\"contentUrl\":\"https:\\\/\\\/www.miroslavnovotny.sk\\\/wp-content\\\/uploads\\\/2022\\\/10\\\/LOGO.jpg\",\"width\":71,\"height\":99,\"caption\":\"Ing.arch. Miroslav Novotn\u00fd\"},\"image\":{\"@id\":\"https:\\\/\\\/www.miroslavnovotny.sk\\\/#\\\/schema\\\/logo\\\/image\\\/\"},\"sameAs\":[\"https:\\\/\\\/www.facebook.com\\\/miroslavnovotnyarchitekt\\\/\"]}]}<\/script>\n<!-- \/ Yoast SEO Premium plugin. -->","yoast_head_json":{"title":"\u0160tef\u00e1nikova 41 - Ing.arch. Miroslav Novotn\u00fd","description":"Architekt \u017eij\u00faci v Stupave. P\u00f4sobiaci v Bratislave a \u0161ir\u0161om okol\u00ed.","robots":{"index":"index","follow":"follow","max-snippet":"max-snippet:-1","max-image-preview":"max-image-preview:large","max-video-preview":"max-video-preview:-1"},"canonical":"https:\/\/www.miroslavnovotny.sk\/?page_id=348","og_locale":"en_US","og_type":"article","og_title":"\u0160tef\u00e1nikova 41","og_description":"Architekt \u017eij\u00faci v Stupave. P\u00f4sobiaci v Bratislave a \u0161ir\u0161om okol\u00ed.","og_url":"https:\/\/www.miroslavnovotny.sk\/?page_id=348","og_site_name":"Ing.arch. Miroslav Novotn\u00fd","article_publisher":"https:\/\/www.facebook.com\/miroslavnovotnyarchitekt\/","article_modified_time":"2025-06-18T11:02:04+00:00","twitter_card":"summary_large_image","twitter_misc":{"Est. reading time":"1 minute"},"schema":{"@context":"https:\/\/schema.org","@graph":[{"@type":"WebPage","@id":"https:\/\/www.miroslavnovotny.sk\/?page_id=348","url":"https:\/\/www.miroslavnovotny.sk\/?page_id=348","name":"\u0160tef\u00e1nikova 41 - Ing.arch. Miroslav Novotn\u00fd","isPartOf":{"@id":"https:\/\/www.miroslavnovotny.sk\/#website"},"datePublished":"2022-10-19T17:55:36+00:00","dateModified":"2025-06-18T11:02:04+00:00","description":"Architekt \u017eij\u00faci v Stupave. P\u00f4sobiaci v Bratislave a \u0161ir\u0161om okol\u00ed.","breadcrumb":{"@id":"https:\/\/www.miroslavnovotny.sk\/?page_id=348#breadcrumb"},"inLanguage":"en-US","potentialAction":[{"@type":"ReadAction","target":["https:\/\/www.miroslavnovotny.sk\/?page_id=348"]}]},{"@type":"BreadcrumbList","@id":"https:\/\/www.miroslavnovotny.sk\/?page_id=348#breadcrumb","itemListElement":[{"@type":"ListItem","position":1,"name":"Home","item":"https:\/\/www.miroslavnovotny.sk\/"},{"@type":"ListItem","position":2,"name":"Projekty","item":"https:\/\/www.miroslavnovotny.sk\/?page_id=157"},{"@type":"ListItem","position":3,"name":"\u0160tef\u00e1nikova 41"}]},{"@type":"WebSite","@id":"https:\/\/www.miroslavnovotny.sk\/#website","url":"https:\/\/www.miroslavnovotny.sk\/","name":"Ing.arch. Miroslav Novotn\u00fd","description":"architekt","publisher":{"@id":"https:\/\/www.miroslavnovotny.sk\/#organization"},"alternateName":"MN","potentialAction":[{"@type":"SearchAction","target":{"@type":"EntryPoint","urlTemplate":"https:\/\/www.miroslavnovotny.sk\/?s={search_term_string}"},"query-input":{"@type":"PropertyValueSpecification","valueRequired":true,"valueName":"search_term_string"}}],"inLanguage":"en-US"},{"@type":"Organization","@id":"https:\/\/www.miroslavnovotny.sk\/#organization","name":"Ing.arch. Miroslav Novotn\u00fd","alternateName":"MN","url":"https:\/\/www.miroslavnovotny.sk\/","logo":{"@type":"ImageObject","inLanguage":"en-US","@id":"https:\/\/www.miroslavnovotny.sk\/#\/schema\/logo\/image\/","url":"https:\/\/www.miroslavnovotny.sk\/wp-content\/uploads\/2022\/10\/LOGO.jpg","contentUrl":"https:\/\/www.miroslavnovotny.sk\/wp-content\/uploads\/2022\/10\/LOGO.jpg","width":71,"height":99,"caption":"Ing.arch. Miroslav Novotn\u00fd"},"image":{"@id":"https:\/\/www.miroslavnovotny.sk\/#\/schema\/logo\/image\/"},"sameAs":["https:\/\/www.facebook.com\/miroslavnovotnyarchitekt\/"]}]}},"_links":{"self":[{"href":"https:\/\/www.miroslavnovotny.sk\/index.php?rest_route=\/wp\/v2\/pages\/348","targetHints":{"allow":["GET"]}}],"collection":[{"href":"https:\/\/www.miroslavnovotny.sk\/index.php?rest_route=\/wp\/v2\/pages"}],"about":[{"href":"https:\/\/www.miroslavnovotny.sk\/index.php?rest_route=\/wp\/v2\/types\/page"}],"author":[{"embeddable":true,"href":"https:\/\/www.miroslavnovotny.sk\/index.php?rest_route=\/wp\/v2\/users\/1"}],"replies":[{"embeddable":true,"href":"https:\/\/www.miroslavnovotny.sk\/index.php?rest_route=%2Fwp%2Fv2%2Fcomments&post=348"}],"version-history":[{"count":6,"href":"https:\/\/www.miroslavnovotny.sk\/index.php?rest_route=\/wp\/v2\/pages\/348\/revisions"}],"predecessor-version":[{"id":1319,"href":"https:\/\/www.miroslavnovotny.sk\/index.php?rest_route=\/wp\/v2\/pages\/348\/revisions\/1319"}],"up":[{"embeddable":true,"href":"https:\/\/www.miroslavnovotny.sk\/index.php?rest_route=\/wp\/v2\/pages\/157"}],"wp:attachment":[{"href":"https:\/\/www.miroslavnovotny.sk\/index.php?rest_route=%2Fwp%2Fv2%2Fmedia&parent=348"}],"curies":[{"name":"wp","href":"https:\/\/api.w.org\/{rel}","templated":true}]}}