{"id":28,"date":"2022-08-26T09:26:27","date_gmt":"2022-08-26T09:26:27","guid":{"rendered":"https:\/\/www.miroslavnovotny.sk\/?page_id=28"},"modified":"2025-07-28T11:59:55","modified_gmt":"2025-07-28T11:59:55","slug":"ing-arch-miroslavnovotny","status":"publish","type":"page","link":"https:\/\/www.miroslavnovotny.sk\/","title":{"rendered":"O mne"},"content":{"rendered":"\t\t<div data-elementor-type=\"wp-page\" data-elementor-id=\"28\" class=\"elementor elementor-28\" data-elementor-post-type=\"page\">\n\t\t\t\t\t\t<section class=\"elementor-section elementor-top-section elementor-element elementor-element-ba224fa elementor-section-boxed elementor-section-height-default elementor-section-height-default\" data-id=\"ba224fa\" data-element_type=\"section\" data-e-type=\"section\">\n\t\t\t\t\t\t<div class=\"elementor-container elementor-column-gap-default\">\n\t\t\t\t\t<div class=\"elementor-column elementor-col-100 elementor-top-column elementor-element elementor-element-e2d8d52\" data-id=\"e2d8d52\" data-element_type=\"column\" data-e-type=\"column\">\n\t\t\t<div class=\"elementor-widget-wrap elementor-element-populated\">\n\t\t\t\t\t\t<div class=\"elementor-element elementor-element-e5dcf49 elementor-widget elementor-widget-heading\" data-id=\"e5dcf49\" data-element_type=\"widget\" data-e-type=\"widget\" data-widget_type=\"heading.default\">\n\t\t\t\t<div class=\"elementor-widget-container\">\n\t\t\t\t\t<h1 class=\"elementor-heading-title elementor-size-default\">O mne<\/h1>\t\t\t\t<\/div>\n\t\t\t\t<\/div>\n\t\t\t\t\t<\/div>\n\t\t<\/div>\n\t\t\t\t\t<\/div>\n\t\t<\/section>\n\t\t\t\t<section class=\"elementor-section elementor-top-section elementor-element elementor-element-a0b4b21 elementor-section-boxed elementor-section-height-default elementor-section-height-default\" data-id=\"a0b4b21\" data-element_type=\"section\" data-e-type=\"section\">\n\t\t\t\t\t\t<div class=\"elementor-container elementor-column-gap-default\">\n\t\t\t\t\t<div class=\"elementor-column elementor-col-100 elementor-top-column elementor-element elementor-element-395410f\" data-id=\"395410f\" data-element_type=\"column\" data-e-type=\"column\">\n\t\t\t<div class=\"elementor-widget-wrap elementor-element-populated\">\n\t\t\t\t\t\t<div class=\"elementor-element elementor-element-84b869c elementor-widget elementor-widget-image\" data-id=\"84b869c\" data-element_type=\"widget\" data-e-type=\"widget\" data-widget_type=\"image.default\">\n\t\t\t\t<div class=\"elementor-widget-container\">\n\t\t\t\t\t\t\t\t\t\t\t\t\t\t\t<img fetchpriority=\"high\" decoding=\"async\" width=\"800\" height=\"800\" src=\"https:\/\/www.miroslavnovotny.sk\/wp-content\/uploads\/2024\/09\/PROFILE_2024.png\" class=\"attachment-large size-large wp-image-1291\" alt=\"\" srcset=\"https:\/\/www.miroslavnovotny.sk\/wp-content\/uploads\/2024\/09\/PROFILE_2024.png 800w, https:\/\/www.miroslavnovotny.sk\/wp-content\/uploads\/2024\/09\/PROFILE_2024-300x300.png 300w, https:\/\/www.miroslavnovotny.sk\/wp-content\/uploads\/2024\/09\/PROFILE_2024-150x150.png 150w, https:\/\/www.miroslavnovotny.sk\/wp-content\/uploads\/2024\/09\/PROFILE_2024-768x768.png 768w\" sizes=\"(max-width: 800px) 100vw, 800px\" \/>\t\t\t\t\t\t\t\t\t\t\t\t\t\t\t<\/div>\n\t\t\t\t<\/div>\n\t\t\t\t<div class=\"elementor-element elementor-element-748236a elementor-widget-mobile__width-inherit elementor-widget elementor-widget-heading\" data-id=\"748236a\" data-element_type=\"widget\" data-e-type=\"widget\" data-widget_type=\"heading.default\">\n\t\t\t\t<div class=\"elementor-widget-container\">\n\t\t\t\t\t<h2 class=\"elementor-heading-title elementor-size-default\">Miroslav Novotn\u00fd (*1983)<\/h2>\t\t\t\t<\/div>\n\t\t\t\t<\/div>\n\t\t\t\t<div class=\"elementor-element elementor-element-e04d6a7 elementor-widget elementor-widget-text-editor\" data-id=\"e04d6a7\" data-element_type=\"widget\" data-e-type=\"widget\" data-widget_type=\"text-editor.default\">\n\t\t\t\t<div class=\"elementor-widget-container\">\n\t\t\t\t\t\t\t\t\t<p>Architekt\u00faru som vy\u0161tudoval na Fakulte architekt\u00fary Slovenskej technickej univerzity v Bratislave v roku 2008.<\/p><p>Od tohoto obdobia neust\u00e1le pracujem v danom odbore.<\/p>\t\t\t\t\t\t\t\t<\/div>\n\t\t\t\t<\/div>\n\t\t\t\t<div class=\"elementor-element elementor-element-e295628 elementor-widget elementor-widget-text-editor\" data-id=\"e295628\" data-element_type=\"widget\" data-e-type=\"widget\" data-widget_type=\"text-editor.default\">\n\t\t\t\t<div class=\"elementor-widget-container\">\n\t\t\t\t\t\t\t\t\t<p>Pracovn\u00e9 sk\u00fasenosti<\/p>\t\t\t\t\t\t\t\t<\/div>\n\t\t\t\t<\/div>\n\t\t\t\t<div class=\"elementor-element elementor-element-cd67f52 elementor-widget elementor-widget-text-editor\" data-id=\"cd67f52\" data-element_type=\"widget\" data-e-type=\"widget\" data-widget_type=\"text-editor.default\">\n\t\t\t\t<div class=\"elementor-widget-container\">\n\t\t\t\t\t\t\t\t\t<p><b>2008-2009 \/Igor Pal\u010do, s.r.o.\/<\/b><\/p><p>Hotel Kempinski \/River Park, Bratislava\/<\/p><p>Pharos &#8211; urbanistick\u00e1 s\u00fa\u0165a\u017e<\/p><p>Projekt Mestsk\u00e9 z\u00e1sahy \/Nov\u00e9 trasovanie\/<\/p>\t\t\t\t\t\t\t\t<\/div>\n\t\t\t\t<\/div>\n\t\t\t\t<div class=\"elementor-element elementor-element-7b2df7f elementor-widget elementor-widget-text-editor\" data-id=\"7b2df7f\" data-element_type=\"widget\" data-e-type=\"widget\" data-widget_type=\"text-editor.default\">\n\t\t\t\t<div class=\"elementor-widget-container\">\n\t\t\t\t\t\t\t\t\t<p><b>2009-2010 \/N-art, s.r.o.\/<\/b><\/p>\t\t\t\t\t\t\t\t<\/div>\n\t\t\t\t<\/div>\n\t\t\t\t<div class=\"elementor-element elementor-element-5b391ec elementor-widget elementor-widget-text-editor\" data-id=\"5b391ec\" data-element_type=\"widget\" data-e-type=\"widget\" data-widget_type=\"text-editor.default\">\n\t\t\t\t<div class=\"elementor-widget-container\">\n\t\t\t\t\t\t\t\t\t<p><b>2010 \/ARQUITEQ, s.r.o.\/<\/b><\/p><p>Projekt interi\u00e9ru Hotel TATRA\u00a0<a style=\"font-family: var( --e-global-typography-text-font-family ), Sans-serif; font-size: var( --e-global-typography-text-font-size ); font-weight: var( --e-global-typography-text-font-weight ); background-color: #ffffff;\" href=\"https:\/\/www.hotelelizabeth.sk\/\" target=\"_blank\" rel=\"noopener\">\/Hotel Elizabeth, Tren\u010d\u00edn\/<\/a><\/p>\t\t\t\t\t\t\t\t<\/div>\n\t\t\t\t<\/div>\n\t\t\t\t<div class=\"elementor-element elementor-element-285c70b elementor-widget elementor-widget-text-editor\" data-id=\"285c70b\" data-element_type=\"widget\" data-e-type=\"widget\" data-widget_type=\"text-editor.default\">\n\t\t\t\t<div class=\"elementor-widget-container\">\n\t\t\t\t\t\t\t\t\t<p><b>2011 &#8211; s\u00fa\u010dasnos\u0165 \/N-art, s.r.o.\/<\/b><\/p><p>\u010cerpacia stanica OLIVA<\/p><p>Administrat\u00edvny objekt \u0160tef\u00e1nikova 41, Bratislava<\/p><p>Ka\u0161tie\u013e v Tur\u010dianskej \u0160tiavni\u010dke<\/p><p>a mno\u017estvo in\u00fdch<\/p>\t\t\t\t\t\t\t\t<\/div>\n\t\t\t\t<\/div>\n\t\t\t\t<div class=\"elementor-element elementor-element-ef9ff1f elementor-widget elementor-widget-text-editor\" data-id=\"ef9ff1f\" data-element_type=\"widget\" data-e-type=\"widget\" data-widget_type=\"text-editor.default\">\n\t\t\t\t<div class=\"elementor-widget-container\">\n\t\t\t\t\t\t\t\t\t<p><b>10\/2017 &#8211; <\/b>som absolvoval 10 d\u0148ov\u00fd odborn\u00fd semin\u00e1r IEPD \u0160kola udr\u017eate\u013enej architekt\u00fary venuj\u00faci sa navrhovaniu pas\u00edvnych domov<\/p>\t\t\t\t\t\t\t\t<\/div>\n\t\t\t\t<\/div>\n\t\t\t\t<div class=\"elementor-element elementor-element-147d20a elementor-widget elementor-widget-image\" data-id=\"147d20a\" data-element_type=\"widget\" data-e-type=\"widget\" data-widget_type=\"image.default\">\n\t\t\t\t<div class=\"elementor-widget-container\">\n\t\t\t\t\t\t\t\t\t\t\t\t\t\t\t<img decoding=\"async\" width=\"595\" height=\"842\" src=\"https:\/\/www.miroslavnovotny.sk\/wp-content\/uploads\/2022\/10\/UA_OSVEDCENIE_000254.jpg\" class=\"attachment-full size-full wp-image-164\" alt=\"\" srcset=\"https:\/\/www.miroslavnovotny.sk\/wp-content\/uploads\/2022\/10\/UA_OSVEDCENIE_000254.jpg 595w, https:\/\/www.miroslavnovotny.sk\/wp-content\/uploads\/2022\/10\/UA_OSVEDCENIE_000254-212x300.jpg 212w\" sizes=\"(max-width: 595px) 100vw, 595px\" \/>\t\t\t\t\t\t\t\t\t\t\t\t\t\t\t<\/div>\n\t\t\t\t<\/div>\n\t\t\t\t<div class=\"elementor-element elementor-element-699f0a3 elementor-widget elementor-widget-text-editor\" data-id=\"699f0a3\" data-element_type=\"widget\" data-e-type=\"widget\" data-widget_type=\"text-editor.default\">\n\t\t\t\t<div class=\"elementor-widget-container\">\n\t\t\t\t\t\t\t\t\t<p><b>07\/2018 &#8211; <\/b>autorizovan\u00fd architekt zap\u00edsan\u00fd pod registra\u010dn\u00fdm \u010d\u00edslom 2409 AA<\/p>\t\t\t\t\t\t\t\t<\/div>\n\t\t\t\t<\/div>\n\t\t\t\t\t<\/div>\n\t\t<\/div>\n\t\t\t\t\t<\/div>\n\t\t<\/section>\n\t\t\t\t<\/div>\n\t\t","protected":false},"excerpt":{"rendered":"<p>O mne Miroslav Novotn\u00fd (*1983) Architekt\u00faru som vy\u0161tudoval na Fakulte architekt\u00fary Slovenskej technickej univerzity v Bratislave v roku 2008. Od tohoto obdobia neust\u00e1le pracujem v danom odbore. Pracovn\u00e9 sk\u00fasenosti 2008-2009 \/Igor Pal\u010do, s.r.o.\/ Hotel Kempinski \/River Park, Bratislava\/ Pharos &#8211; urbanistick\u00e1 s\u00fa\u0165a\u017e Projekt Mestsk\u00e9 z\u00e1sahy \/Nov\u00e9 trasovanie\/ 2009-2010 \/N-art, s.r.o.\/ 2010 \/ARQUITEQ, s.r.o.\/ Projekt interi\u00e9ru [&hellip;]<\/p>\n","protected":false},"author":1,"featured_media":0,"parent":0,"menu_order":0,"comment_status":"closed","ping_status":"closed","template":"elementor_header_footer","meta":{"_monsterinsights_skip_tracking":false,"_monsterinsights_sitenote_active":false,"_monsterinsights_sitenote_note":"","_monsterinsights_sitenote_category":0,"footnotes":""},"class_list":["post-28","page","type-page","status-publish","hentry"],"yoast_head":"<!-- This site is optimized with the Yoast SEO Premium plugin v19.5 (Yoast SEO v27.4) - https:\/\/yoast.com\/product\/yoast-seo-premium-wordpress\/ -->\n<title>O mne - Ing.arch. Miroslav Novotn\u00fd<\/title>\n<meta name=\"description\" content=\"Architekt \u017eij\u00faci v Stupave. P\u00f4sobiaci v Bratislave a \u0161ir\u0161om okol\u00ed.\" \/>\n<meta name=\"robots\" content=\"index, follow, max-snippet:-1, max-image-preview:large, max-video-preview:-1\" \/>\n<link rel=\"canonical\" href=\"https:\/\/www.miroslavnovotny.sk\/\" \/>\n<meta property=\"og:locale\" content=\"en_US\" \/>\n<meta property=\"og:type\" content=\"article\" \/>\n<meta property=\"og:title\" content=\"O mne\" \/>\n<meta property=\"og:description\" content=\"Architekt \u017eij\u00faci v Stupave. P\u00f4sobiaci v Bratislave a \u0161ir\u0161om okol\u00ed.\" \/>\n<meta property=\"og:url\" content=\"https:\/\/www.miroslavnovotny.sk\/\" \/>\n<meta property=\"og:site_name\" content=\"Ing.arch. Miroslav Novotn\u00fd\" \/>\n<meta property=\"article:publisher\" content=\"https:\/\/www.facebook.com\/miroslavnovotnyarchitekt\/\" \/>\n<meta property=\"article:modified_time\" content=\"2025-07-28T11:59:55+00:00\" \/>\n<meta property=\"og:image\" content=\"https:\/\/www.miroslavnovotny.sk\/wp-content\/uploads\/2024\/09\/PROFILE_2024.png\" \/>\n<meta name=\"twitter:card\" content=\"summary_large_image\" \/>\n<meta name=\"twitter:label1\" content=\"Est. reading time\" \/>\n\t<meta name=\"twitter:data1\" content=\"1 minute\" \/>\n<script type=\"application\/ld+json\" class=\"yoast-schema-graph\">{\"@context\":\"https:\\\/\\\/schema.org\",\"@graph\":[{\"@type\":[\"WebPage\",\"ProfilePage\"],\"@id\":\"https:\\\/\\\/www.miroslavnovotny.sk\\\/\",\"url\":\"https:\\\/\\\/www.miroslavnovotny.sk\\\/\",\"name\":\"O mne - Ing.arch. Miroslav Novotn\u00fd\",\"isPartOf\":{\"@id\":\"https:\\\/\\\/www.miroslavnovotny.sk\\\/#website\"},\"primaryImageOfPage\":{\"@id\":\"https:\\\/\\\/www.miroslavnovotny.sk\\\/#primaryimage\"},\"image\":{\"@id\":\"https:\\\/\\\/www.miroslavnovotny.sk\\\/#primaryimage\"},\"thumbnailUrl\":\"https:\\\/\\\/www.miroslavnovotny.sk\\\/wp-content\\\/uploads\\\/2024\\\/09\\\/PROFILE_2024.png\",\"datePublished\":\"2022-08-26T09:26:27+00:00\",\"dateModified\":\"2025-07-28T11:59:55+00:00\",\"description\":\"Architekt \u017eij\u00faci v Stupave. P\u00f4sobiaci v Bratislave a \u0161ir\u0161om okol\u00ed.\",\"breadcrumb\":{\"@id\":\"https:\\\/\\\/www.miroslavnovotny.sk\\\/#breadcrumb\"},\"inLanguage\":\"en-US\",\"potentialAction\":[{\"@type\":\"ReadAction\",\"target\":[\"https:\\\/\\\/www.miroslavnovotny.sk\\\/\"]}]},{\"@type\":\"ImageObject\",\"inLanguage\":\"en-US\",\"@id\":\"https:\\\/\\\/www.miroslavnovotny.sk\\\/#primaryimage\",\"url\":\"https:\\\/\\\/www.miroslavnovotny.sk\\\/wp-content\\\/uploads\\\/2024\\\/09\\\/PROFILE_2024.png\",\"contentUrl\":\"https:\\\/\\\/www.miroslavnovotny.sk\\\/wp-content\\\/uploads\\\/2024\\\/09\\\/PROFILE_2024.png\",\"width\":800,\"height\":800},{\"@type\":\"BreadcrumbList\",\"@id\":\"https:\\\/\\\/www.miroslavnovotny.sk\\\/#breadcrumb\",\"itemListElement\":[{\"@type\":\"ListItem\",\"position\":1,\"name\":\"Home\",\"item\":\"https:\\\/\\\/www.miroslavnovotny.sk\\\/\"},{\"@type\":\"ListItem\",\"position\":2,\"name\":\"O mne\"}]},{\"@type\":\"WebSite\",\"@id\":\"https:\\\/\\\/www.miroslavnovotny.sk\\\/#website\",\"url\":\"https:\\\/\\\/www.miroslavnovotny.sk\\\/\",\"name\":\"Ing.arch. Miroslav Novotn\u00fd\",\"description\":\"architekt\",\"publisher\":{\"@id\":\"https:\\\/\\\/www.miroslavnovotny.sk\\\/#organization\"},\"alternateName\":\"MN\",\"potentialAction\":[{\"@type\":\"SearchAction\",\"target\":{\"@type\":\"EntryPoint\",\"urlTemplate\":\"https:\\\/\\\/www.miroslavnovotny.sk\\\/?s={search_term_string}\"},\"query-input\":{\"@type\":\"PropertyValueSpecification\",\"valueRequired\":true,\"valueName\":\"search_term_string\"}}],\"inLanguage\":\"en-US\"},{\"@type\":\"Organization\",\"@id\":\"https:\\\/\\\/www.miroslavnovotny.sk\\\/#organization\",\"name\":\"Ing.arch. Miroslav Novotn\u00fd\",\"alternateName\":\"MN\",\"url\":\"https:\\\/\\\/www.miroslavnovotny.sk\\\/\",\"logo\":{\"@type\":\"ImageObject\",\"inLanguage\":\"en-US\",\"@id\":\"https:\\\/\\\/www.miroslavnovotny.sk\\\/#\\\/schema\\\/logo\\\/image\\\/\",\"url\":\"https:\\\/\\\/www.miroslavnovotny.sk\\\/wp-content\\\/uploads\\\/2022\\\/10\\\/LOGO.jpg\",\"contentUrl\":\"https:\\\/\\\/www.miroslavnovotny.sk\\\/wp-content\\\/uploads\\\/2022\\\/10\\\/LOGO.jpg\",\"width\":71,\"height\":99,\"caption\":\"Ing.arch. Miroslav Novotn\u00fd\"},\"image\":{\"@id\":\"https:\\\/\\\/www.miroslavnovotny.sk\\\/#\\\/schema\\\/logo\\\/image\\\/\"},\"sameAs\":[\"https:\\\/\\\/www.facebook.com\\\/miroslavnovotnyarchitekt\\\/\"],\"mainEntityOfPage\":{\"@id\":\"https:\\\/\\\/www.miroslavnovotny.sk\\\/\"}}]}<\/script>\n<!-- \/ Yoast SEO Premium plugin. -->","yoast_head_json":{"title":"O mne - Ing.arch. Miroslav Novotn\u00fd","description":"Architekt \u017eij\u00faci v Stupave. P\u00f4sobiaci v Bratislave a \u0161ir\u0161om okol\u00ed.","robots":{"index":"index","follow":"follow","max-snippet":"max-snippet:-1","max-image-preview":"max-image-preview:large","max-video-preview":"max-video-preview:-1"},"canonical":"https:\/\/www.miroslavnovotny.sk\/","og_locale":"en_US","og_type":"article","og_title":"O mne","og_description":"Architekt \u017eij\u00faci v Stupave. P\u00f4sobiaci v Bratislave a \u0161ir\u0161om okol\u00ed.","og_url":"https:\/\/www.miroslavnovotny.sk\/","og_site_name":"Ing.arch. Miroslav Novotn\u00fd","article_publisher":"https:\/\/www.facebook.com\/miroslavnovotnyarchitekt\/","article_modified_time":"2025-07-28T11:59:55+00:00","og_image":[{"url":"https:\/\/www.miroslavnovotny.sk\/wp-content\/uploads\/2024\/09\/PROFILE_2024.png","type":"","width":"","height":""}],"twitter_card":"summary_large_image","twitter_misc":{"Est. reading time":"1 minute"},"schema":{"@context":"https:\/\/schema.org","@graph":[{"@type":["WebPage","ProfilePage"],"@id":"https:\/\/www.miroslavnovotny.sk\/","url":"https:\/\/www.miroslavnovotny.sk\/","name":"O mne - Ing.arch. Miroslav Novotn\u00fd","isPartOf":{"@id":"https:\/\/www.miroslavnovotny.sk\/#website"},"primaryImageOfPage":{"@id":"https:\/\/www.miroslavnovotny.sk\/#primaryimage"},"image":{"@id":"https:\/\/www.miroslavnovotny.sk\/#primaryimage"},"thumbnailUrl":"https:\/\/www.miroslavnovotny.sk\/wp-content\/uploads\/2024\/09\/PROFILE_2024.png","datePublished":"2022-08-26T09:26:27+00:00","dateModified":"2025-07-28T11:59:55+00:00","description":"Architekt \u017eij\u00faci v Stupave. P\u00f4sobiaci v Bratislave a \u0161ir\u0161om okol\u00ed.","breadcrumb":{"@id":"https:\/\/www.miroslavnovotny.sk\/#breadcrumb"},"inLanguage":"en-US","potentialAction":[{"@type":"ReadAction","target":["https:\/\/www.miroslavnovotny.sk\/"]}]},{"@type":"ImageObject","inLanguage":"en-US","@id":"https:\/\/www.miroslavnovotny.sk\/#primaryimage","url":"https:\/\/www.miroslavnovotny.sk\/wp-content\/uploads\/2024\/09\/PROFILE_2024.png","contentUrl":"https:\/\/www.miroslavnovotny.sk\/wp-content\/uploads\/2024\/09\/PROFILE_2024.png","width":800,"height":800},{"@type":"BreadcrumbList","@id":"https:\/\/www.miroslavnovotny.sk\/#breadcrumb","itemListElement":[{"@type":"ListItem","position":1,"name":"Home","item":"https:\/\/www.miroslavnovotny.sk\/"},{"@type":"ListItem","position":2,"name":"O mne"}]},{"@type":"WebSite","@id":"https:\/\/www.miroslavnovotny.sk\/#website","url":"https:\/\/www.miroslavnovotny.sk\/","name":"Ing.arch. Miroslav Novotn\u00fd","description":"architekt","publisher":{"@id":"https:\/\/www.miroslavnovotny.sk\/#organization"},"alternateName":"MN","potentialAction":[{"@type":"SearchAction","target":{"@type":"EntryPoint","urlTemplate":"https:\/\/www.miroslavnovotny.sk\/?s={search_term_string}"},"query-input":{"@type":"PropertyValueSpecification","valueRequired":true,"valueName":"search_term_string"}}],"inLanguage":"en-US"},{"@type":"Organization","@id":"https:\/\/www.miroslavnovotny.sk\/#organization","name":"Ing.arch. Miroslav Novotn\u00fd","alternateName":"MN","url":"https:\/\/www.miroslavnovotny.sk\/","logo":{"@type":"ImageObject","inLanguage":"en-US","@id":"https:\/\/www.miroslavnovotny.sk\/#\/schema\/logo\/image\/","url":"https:\/\/www.miroslavnovotny.sk\/wp-content\/uploads\/2022\/10\/LOGO.jpg","contentUrl":"https:\/\/www.miroslavnovotny.sk\/wp-content\/uploads\/2022\/10\/LOGO.jpg","width":71,"height":99,"caption":"Ing.arch. Miroslav Novotn\u00fd"},"image":{"@id":"https:\/\/www.miroslavnovotny.sk\/#\/schema\/logo\/image\/"},"sameAs":["https:\/\/www.facebook.com\/miroslavnovotnyarchitekt\/"],"mainEntityOfPage":{"@id":"https:\/\/www.miroslavnovotny.sk\/"}}]}},"_links":{"self":[{"href":"https:\/\/www.miroslavnovotny.sk\/index.php?rest_route=\/wp\/v2\/pages\/28","targetHints":{"allow":["GET"]}}],"collection":[{"href":"https:\/\/www.miroslavnovotny.sk\/index.php?rest_route=\/wp\/v2\/pages"}],"about":[{"href":"https:\/\/www.miroslavnovotny.sk\/index.php?rest_route=\/wp\/v2\/types\/page"}],"author":[{"embeddable":true,"href":"https:\/\/www.miroslavnovotny.sk\/index.php?rest_route=\/wp\/v2\/users\/1"}],"replies":[{"embeddable":true,"href":"https:\/\/www.miroslavnovotny.sk\/index.php?rest_route=%2Fwp%2Fv2%2Fcomments&post=28"}],"version-history":[{"count":5,"href":"https:\/\/www.miroslavnovotny.sk\/index.php?rest_route=\/wp\/v2\/pages\/28\/revisions"}],"predecessor-version":[{"id":1690,"href":"https:\/\/www.miroslavnovotny.sk\/index.php?rest_route=\/wp\/v2\/pages\/28\/revisions\/1690"}],"wp:attachment":[{"href":"https:\/\/www.miroslavnovotny.sk\/index.php?rest_route=%2Fwp%2Fv2%2Fmedia&parent=28"}],"curies":[{"name":"wp","href":"https:\/\/api.w.org\/{rel}","templated":true}]}}