{"id":1073,"date":"2022-11-28T18:49:34","date_gmt":"2022-11-28T18:49:34","guid":{"rendered":"https:\/\/www.miroslavnovotny.sk\/?page_id=1073"},"modified":"2025-07-29T13:13:20","modified_gmt":"2025-07-29T13:13:20","slug":"odborne","status":"publish","type":"page","link":"https:\/\/www.miroslavnovotny.sk\/?page_id=1073","title":{"rendered":"Odborne"},"content":{"rendered":"\t\t<div data-elementor-type=\"wp-page\" data-elementor-id=\"1073\" class=\"elementor elementor-1073\" data-elementor-post-type=\"page\">\n\t\t\t\t\t\t<section class=\"elementor-section elementor-top-section elementor-element elementor-element-d8eb9d4 elementor-section-boxed elementor-section-height-default elementor-section-height-default\" data-id=\"d8eb9d4\" data-element_type=\"section\" data-e-type=\"section\">\n\t\t\t\t\t\t<div class=\"elementor-container elementor-column-gap-default\">\n\t\t\t\t\t<div class=\"elementor-column elementor-col-100 elementor-top-column elementor-element elementor-element-c19f694\" data-id=\"c19f694\" data-element_type=\"column\" data-e-type=\"column\">\n\t\t\t<div class=\"elementor-widget-wrap elementor-element-populated\">\n\t\t\t\t\t\t<div class=\"elementor-element elementor-element-cd6a95d elementor-view-default elementor-widget elementor-widget-icon\" data-id=\"cd6a95d\" data-element_type=\"widget\" data-e-type=\"widget\" data-widget_type=\"icon.default\">\n\t\t\t\t<div class=\"elementor-widget-container\">\n\t\t\t\t\t\t\t<div class=\"elementor-icon-wrapper\">\n\t\t\t<div class=\"elementor-icon\">\n\t\t\t<i aria-hidden=\"true\" class=\"fas fa-quote-left\"><\/i>\t\t\t<\/div>\n\t\t<\/div>\n\t\t\t\t\t\t<\/div>\n\t\t\t\t<\/div>\n\t\t\t\t\t<\/div>\n\t\t<\/div>\n\t\t\t\t\t<\/div>\n\t\t<\/section>\n\t\t\t\t<section class=\"elementor-section elementor-top-section elementor-element elementor-element-d710337 elementor-section-boxed elementor-section-height-default elementor-section-height-default\" data-id=\"d710337\" data-element_type=\"section\" data-e-type=\"section\">\n\t\t\t\t\t\t<div class=\"elementor-container elementor-column-gap-default\">\n\t\t\t\t\t<div class=\"elementor-column elementor-col-100 elementor-top-column elementor-element elementor-element-e9a5155\" data-id=\"e9a5155\" data-element_type=\"column\" data-e-type=\"column\">\n\t\t\t<div class=\"elementor-widget-wrap elementor-element-populated\">\n\t\t\t\t\t\t<div class=\"elementor-element elementor-element-3dba3fc elementor-widget elementor-widget-heading\" data-id=\"3dba3fc\" data-element_type=\"widget\" data-e-type=\"widget\" data-widget_type=\"heading.default\">\n\t\t\t\t<div class=\"elementor-widget-container\">\n\t\t\t\t\t<h2 class=\"elementor-heading-title elementor-size-default\"><a href=\"https:\/\/www.miroslavnovotny.sk\/?page_id=1427\">Staviam bez povolen\u00ed\/<\/a><\/h2>\t\t\t\t<\/div>\n\t\t\t\t<\/div>\n\t\t\t\t<div class=\"elementor-element elementor-element-b3957f4 elementor-widget elementor-widget-text-editor\" data-id=\"b3957f4\" data-element_type=\"widget\" data-e-type=\"widget\" data-widget_type=\"text-editor.default\">\n\t\t\t\t<div class=\"elementor-widget-container\">\n\t\t\t\t\t\t\t\t\t<p>Kedy nepotrebujem rie\u0161i\u0165 \u017eiadne papiere a m\u00f4\u017eem \u00eds\u0165 rovno na vec?<\/p>\t\t\t\t\t\t\t\t<\/div>\n\t\t\t\t<\/div>\n\t\t\t\t<div class=\"elementor-element elementor-element-39eceda elementor-widget-divider--view-line elementor-widget elementor-widget-divider\" data-id=\"39eceda\" data-element_type=\"widget\" data-e-type=\"widget\" data-widget_type=\"divider.default\">\n\t\t\t\t<div class=\"elementor-widget-container\">\n\t\t\t\t\t\t\t<div class=\"elementor-divider\">\n\t\t\t<span class=\"elementor-divider-separator\">\n\t\t\t\t\t\t<\/span>\n\t\t<\/div>\n\t\t\t\t\t\t<\/div>\n\t\t\t\t<\/div>\n\t\t\t\t\t<\/div>\n\t\t<\/div>\n\t\t\t\t\t<\/div>\n\t\t<\/section>\n\t\t\t\t<section class=\"elementor-section elementor-top-section elementor-element elementor-element-c328c49 elementor-section-boxed elementor-section-height-default elementor-section-height-default\" data-id=\"c328c49\" data-element_type=\"section\" data-e-type=\"section\">\n\t\t\t\t\t\t<div class=\"elementor-container elementor-column-gap-default\">\n\t\t\t\t\t<div class=\"elementor-column elementor-col-100 elementor-top-column elementor-element elementor-element-b9650c2\" data-id=\"b9650c2\" data-element_type=\"column\" data-e-type=\"column\">\n\t\t\t<div class=\"elementor-widget-wrap elementor-element-populated\">\n\t\t\t\t\t\t<div class=\"elementor-element elementor-element-fc50250 elementor-widget elementor-widget-heading\" data-id=\"fc50250\" data-element_type=\"widget\" data-e-type=\"widget\" data-widget_type=\"heading.default\">\n\t\t\t\t<div class=\"elementor-widget-container\">\n\t\t\t\t\t<h2 class=\"elementor-heading-title elementor-size-default\"><a href=\"https:\/\/www.miroslavnovotny.sk\/?page_id=1433\">Sta\u010d\u00ed mi ohl\u00e1\u0161ka?\/<\/a><\/h2>\t\t\t\t<\/div>\n\t\t\t\t<\/div>\n\t\t\t\t<div class=\"elementor-element elementor-element-a9a7e3d elementor-widget elementor-widget-text-editor\" data-id=\"a9a7e3d\" data-element_type=\"widget\" data-e-type=\"widget\" data-widget_type=\"text-editor.default\">\n\t\t\t\t<div class=\"elementor-widget-container\">\n\t\t\t\t\t\t\t\t\t<p>V ktor\u00fdch pr\u00edpadoch mi posta\u010d\u00ed stavebn\u00e9mu \u00faradu ohl\u00e1si\u0165 stavbu \u010di pl\u00e1novan\u00e9 stavebn\u00e9 \u00fapravy?<\/p>\t\t\t\t\t\t\t\t<\/div>\n\t\t\t\t<\/div>\n\t\t\t\t<div class=\"elementor-element elementor-element-8a1e29b elementor-widget-divider--view-line elementor-widget elementor-widget-divider\" data-id=\"8a1e29b\" data-element_type=\"widget\" data-e-type=\"widget\" data-widget_type=\"divider.default\">\n\t\t\t\t<div class=\"elementor-widget-container\">\n\t\t\t\t\t\t\t<div class=\"elementor-divider\">\n\t\t\t<span class=\"elementor-divider-separator\">\n\t\t\t\t\t\t<\/span>\n\t\t<\/div>\n\t\t\t\t\t\t<\/div>\n\t\t\t\t<\/div>\n\t\t\t\t<div class=\"elementor-element elementor-element-bd09b3c elementor-widget elementor-widget-heading\" data-id=\"bd09b3c\" data-element_type=\"widget\" data-e-type=\"widget\" data-widget_type=\"heading.default\">\n\t\t\t\t<div class=\"elementor-widget-container\">\n\t\t\t\t\t<h2 class=\"elementor-heading-title elementor-size-default\"><a href=\"https:\/\/www.miroslavnovotny.sk\/?page_id=1587\">Dokument\u00e1cia stavby\/<\/a><\/h2>\t\t\t\t<\/div>\n\t\t\t\t<\/div>\n\t\t\t\t<div class=\"elementor-element elementor-element-89a16a2 elementor-widget elementor-widget-text-editor\" data-id=\"89a16a2\" data-element_type=\"widget\" data-e-type=\"widget\" data-widget_type=\"text-editor.default\">\n\t\t\t\t<div class=\"elementor-widget-container\">\n\t\t\t\t\t\t\t\t\t<p>Ako definuje dokument\u00e1ciu stavby stavebn\u00fd z\u00e1kon?<\/p>\t\t\t\t\t\t\t\t<\/div>\n\t\t\t\t<\/div>\n\t\t\t\t<div class=\"elementor-element elementor-element-33bd1a7 elementor-widget-divider--view-line elementor-widget elementor-widget-divider\" data-id=\"33bd1a7\" data-element_type=\"widget\" data-e-type=\"widget\" data-widget_type=\"divider.default\">\n\t\t\t\t<div class=\"elementor-widget-container\">\n\t\t\t\t\t\t\t<div class=\"elementor-divider\">\n\t\t\t<span class=\"elementor-divider-separator\">\n\t\t\t\t\t\t<\/span>\n\t\t<\/div>\n\t\t\t\t\t\t<\/div>\n\t\t\t\t<\/div>\n\t\t\t\t\t<\/div>\n\t\t<\/div>\n\t\t\t\t\t<\/div>\n\t\t<\/section>\n\t\t\t\t<section class=\"elementor-section elementor-top-section elementor-element elementor-element-2caa68d elementor-section-boxed elementor-section-height-default elementor-section-height-default\" data-id=\"2caa68d\" data-element_type=\"section\" data-e-type=\"section\">\n\t\t\t\t\t\t<div class=\"elementor-container elementor-column-gap-default\">\n\t\t\t\t\t<div class=\"elementor-column elementor-col-100 elementor-top-column elementor-element elementor-element-ad2fef1\" data-id=\"ad2fef1\" data-element_type=\"column\" data-e-type=\"column\">\n\t\t\t<div class=\"elementor-widget-wrap elementor-element-populated\">\n\t\t\t\t\t\t<div class=\"elementor-element elementor-element-f2e8bae elementor-widget elementor-widget-heading\" data-id=\"f2e8bae\" data-element_type=\"widget\" data-e-type=\"widget\" data-widget_type=\"heading.default\">\n\t\t\t\t<div class=\"elementor-widget-container\">\n\t\t\t\t\t<h2 class=\"elementor-heading-title elementor-size-default\"><a href=\"https:\/\/www.miroslavnovotny.sk\/?page_id=883\">Z \u010doho stava\u0165?\/<\/a><\/h2>\t\t\t\t<\/div>\n\t\t\t\t<\/div>\n\t\t\t\t<div class=\"elementor-element elementor-element-35ba08d elementor-widget elementor-widget-text-editor\" data-id=\"35ba08d\" data-element_type=\"widget\" data-e-type=\"widget\" data-widget_type=\"text-editor.default\">\n\t\t\t\t<div class=\"elementor-widget-container\">\n\t\t\t\t\t\t\t\t\t<p>Stava\u0165 mo\u017eno takmer zo v\u0161etk\u00e9ho, tak ako si vybra\u0165? V\u00fdhody a nev\u00fdhody jednotliv\u00fdch materi\u00e1lov.&nbsp;<\/p>\t\t\t\t\t\t\t\t<\/div>\n\t\t\t\t<\/div>\n\t\t\t\t<div class=\"elementor-element elementor-element-c793c8e elementor-widget-divider--view-line elementor-widget elementor-widget-divider\" data-id=\"c793c8e\" data-element_type=\"widget\" data-e-type=\"widget\" data-widget_type=\"divider.default\">\n\t\t\t\t<div class=\"elementor-widget-container\">\n\t\t\t\t\t\t\t<div class=\"elementor-divider\">\n\t\t\t<span class=\"elementor-divider-separator\">\n\t\t\t\t\t\t<\/span>\n\t\t<\/div>\n\t\t\t\t\t\t<\/div>\n\t\t\t\t<\/div>\n\t\t\t\t\t<\/div>\n\t\t<\/div>\n\t\t\t\t\t<\/div>\n\t\t<\/section>\n\t\t\t\t<section class=\"elementor-section elementor-top-section elementor-element elementor-element-de9706a elementor-section-boxed elementor-section-height-default elementor-section-height-default\" data-id=\"de9706a\" data-element_type=\"section\" data-e-type=\"section\">\n\t\t\t\t\t\t<div class=\"elementor-container elementor-column-gap-default\">\n\t\t\t\t\t<div class=\"elementor-column elementor-col-100 elementor-top-column elementor-element elementor-element-bde205c\" data-id=\"bde205c\" data-element_type=\"column\" data-e-type=\"column\">\n\t\t\t<div class=\"elementor-widget-wrap elementor-element-populated\">\n\t\t\t\t\t\t<div class=\"elementor-element elementor-element-0d5c0cd elementor-widget elementor-widget-heading\" data-id=\"0d5c0cd\" data-element_type=\"widget\" data-e-type=\"widget\" data-widget_type=\"heading.default\">\n\t\t\t\t<div class=\"elementor-widget-container\">\n\t\t\t\t\t<h2 class=\"elementor-heading-title elementor-size-default\"><a href=\"https:\/\/www.miroslavnovotny.sk\/?page_id=903\">Ak\u00fa tepeln\u00fa izol\u00e1ciu zvoli\u0165?\/<\/a><\/h2>\t\t\t\t<\/div>\n\t\t\t\t<\/div>\n\t\t\t\t<div class=\"elementor-element elementor-element-2c54ef3 elementor-widget elementor-widget-text-editor\" data-id=\"2c54ef3\" data-element_type=\"widget\" data-e-type=\"widget\" data-widget_type=\"text-editor.default\">\n\t\t\t\t<div class=\"elementor-widget-container\">\n\t\t\t\t\t\t\t\t\t<p>Je lep\u0161ia miner\u00e1lna vata ne\u017e EPS? A \u010do drevovl\u00e1knit\u00e1 izol\u00e1cia?<\/p>\t\t\t\t\t\t\t\t<\/div>\n\t\t\t\t<\/div>\n\t\t\t\t<div class=\"elementor-element elementor-element-7914614 elementor-widget-divider--view-line elementor-widget elementor-widget-divider\" data-id=\"7914614\" data-element_type=\"widget\" data-e-type=\"widget\" data-widget_type=\"divider.default\">\n\t\t\t\t<div class=\"elementor-widget-container\">\n\t\t\t\t\t\t\t<div class=\"elementor-divider\">\n\t\t\t<span class=\"elementor-divider-separator\">\n\t\t\t\t\t\t<\/span>\n\t\t<\/div>\n\t\t\t\t\t\t<\/div>\n\t\t\t\t<\/div>\n\t\t\t\t\t<\/div>\n\t\t<\/div>\n\t\t\t\t\t<\/div>\n\t\t<\/section>\n\t\t\t\t<\/div>\n\t\t","protected":false},"excerpt":{"rendered":"<p>Staviam bez povolen\u00ed\/ Kedy nepotrebujem rie\u0161i\u0165 \u017eiadne papiere a m\u00f4\u017eem \u00eds\u0165 rovno na vec? Sta\u010d\u00ed mi ohl\u00e1\u0161ka?\/ V ktor\u00fdch pr\u00edpadoch mi posta\u010d\u00ed stavebn\u00e9mu \u00faradu ohl\u00e1si\u0165 stavbu \u010di pl\u00e1novan\u00e9 stavebn\u00e9 \u00fapravy? Dokument\u00e1cia stavby\/ Ako definuje dokument\u00e1ciu stavby stavebn\u00fd z\u00e1kon? Z \u010doho stava\u0165?\/ Stava\u0165 mo\u017eno takmer zo v\u0161etk\u00e9ho, tak ako si vybra\u0165? V\u00fdhody a nev\u00fdhody jednotliv\u00fdch materi\u00e1lov.&nbsp; [&hellip;]<\/p>\n","protected":false},"author":1,"featured_media":0,"parent":0,"menu_order":0,"comment_status":"closed","ping_status":"closed","template":"elementor_header_footer","meta":{"_monsterinsights_skip_tracking":false,"_monsterinsights_sitenote_active":false,"_monsterinsights_sitenote_note":"","_monsterinsights_sitenote_category":0,"footnotes":""},"class_list":["post-1073","page","type-page","status-publish","hentry"],"yoast_head":"<!-- This site is optimized with the Yoast SEO Premium plugin v19.5 (Yoast SEO v27.5) - https:\/\/yoast.com\/product\/yoast-seo-premium-wordpress\/ -->\n<title>Odborne - Ing.arch. Miroslav Novotn\u00fd<\/title>\n<meta name=\"description\" content=\"Architekt \u017eij\u00faci v Stupave. P\u00f4sobiaci v Bratislave a \u0161ir\u0161om okol\u00ed.\" \/>\n<meta name=\"robots\" content=\"index, follow, max-snippet:-1, max-image-preview:large, max-video-preview:-1\" \/>\n<link rel=\"canonical\" href=\"https:\/\/www.miroslavnovotny.sk\/?page_id=1073\" \/>\n<meta property=\"og:locale\" content=\"en_US\" \/>\n<meta property=\"og:type\" content=\"article\" \/>\n<meta property=\"og:title\" content=\"Odborne\" \/>\n<meta property=\"og:description\" content=\"Architekt \u017eij\u00faci v Stupave. P\u00f4sobiaci v Bratislave a \u0161ir\u0161om okol\u00ed.\" \/>\n<meta property=\"og:url\" content=\"https:\/\/www.miroslavnovotny.sk\/?page_id=1073\" \/>\n<meta property=\"og:site_name\" content=\"Ing.arch. Miroslav Novotn\u00fd\" \/>\n<meta property=\"article:publisher\" content=\"https:\/\/www.facebook.com\/miroslavnovotnyarchitekt\/\" \/>\n<meta property=\"article:modified_time\" content=\"2025-07-29T13:13:20+00:00\" \/>\n<meta name=\"twitter:card\" content=\"summary_large_image\" \/>\n<meta name=\"twitter:label1\" content=\"Est. reading time\" \/>\n\t<meta name=\"twitter:data1\" content=\"1 minute\" \/>\n<script type=\"application\/ld+json\" class=\"yoast-schema-graph\">{\"@context\":\"https:\\\/\\\/schema.org\",\"@graph\":[{\"@type\":\"TechArticle\",\"@id\":\"https:\\\/\\\/www.miroslavnovotny.sk\\\/?page_id=1073#article\",\"isPartOf\":{\"@id\":\"https:\\\/\\\/www.miroslavnovotny.sk\\\/?page_id=1073\"},\"author\":{\"name\":\"mircosoft\",\"@id\":\"https:\\\/\\\/www.miroslavnovotny.sk\\\/#\\\/schema\\\/person\\\/23c6662a52b99b3f5215284847805990\"},\"headline\":\"Odborne\",\"datePublished\":\"2022-11-28T18:49:34+00:00\",\"dateModified\":\"2025-07-29T13:13:20+00:00\",\"mainEntityOfPage\":{\"@id\":\"https:\\\/\\\/www.miroslavnovotny.sk\\\/?page_id=1073\"},\"wordCount\":94,\"publisher\":{\"@id\":\"https:\\\/\\\/www.miroslavnovotny.sk\\\/#organization\"},\"inLanguage\":\"en-US\"},{\"@type\":[\"WebPage\",\"FAQPage\"],\"@id\":\"https:\\\/\\\/www.miroslavnovotny.sk\\\/?page_id=1073\",\"url\":\"https:\\\/\\\/www.miroslavnovotny.sk\\\/?page_id=1073\",\"name\":\"Odborne - Ing.arch. Miroslav Novotn\u00fd\",\"isPartOf\":{\"@id\":\"https:\\\/\\\/www.miroslavnovotny.sk\\\/#website\"},\"datePublished\":\"2022-11-28T18:49:34+00:00\",\"dateModified\":\"2025-07-29T13:13:20+00:00\",\"description\":\"Architekt \u017eij\u00faci v Stupave. P\u00f4sobiaci v Bratislave a \u0161ir\u0161om okol\u00ed.\",\"breadcrumb\":{\"@id\":\"https:\\\/\\\/www.miroslavnovotny.sk\\\/?page_id=1073#breadcrumb\"},\"inLanguage\":\"en-US\",\"potentialAction\":[{\"@type\":\"ReadAction\",\"target\":[\"https:\\\/\\\/www.miroslavnovotny.sk\\\/?page_id=1073\"]}]},{\"@type\":\"BreadcrumbList\",\"@id\":\"https:\\\/\\\/www.miroslavnovotny.sk\\\/?page_id=1073#breadcrumb\",\"itemListElement\":[{\"@type\":\"ListItem\",\"position\":1,\"name\":\"Home\",\"item\":\"https:\\\/\\\/www.miroslavnovotny.sk\\\/\"},{\"@type\":\"ListItem\",\"position\":2,\"name\":\"Odborne\"}]},{\"@type\":\"WebSite\",\"@id\":\"https:\\\/\\\/www.miroslavnovotny.sk\\\/#website\",\"url\":\"https:\\\/\\\/www.miroslavnovotny.sk\\\/\",\"name\":\"Ing.arch. Miroslav Novotn\u00fd\",\"description\":\"architekt\",\"publisher\":{\"@id\":\"https:\\\/\\\/www.miroslavnovotny.sk\\\/#organization\"},\"alternateName\":\"MN\",\"potentialAction\":[{\"@type\":\"SearchAction\",\"target\":{\"@type\":\"EntryPoint\",\"urlTemplate\":\"https:\\\/\\\/www.miroslavnovotny.sk\\\/?s={search_term_string}\"},\"query-input\":{\"@type\":\"PropertyValueSpecification\",\"valueRequired\":true,\"valueName\":\"search_term_string\"}}],\"inLanguage\":\"en-US\"},{\"@type\":\"Organization\",\"@id\":\"https:\\\/\\\/www.miroslavnovotny.sk\\\/#organization\",\"name\":\"Ing.arch. Miroslav Novotn\u00fd\",\"alternateName\":\"MN\",\"url\":\"https:\\\/\\\/www.miroslavnovotny.sk\\\/\",\"logo\":{\"@type\":\"ImageObject\",\"inLanguage\":\"en-US\",\"@id\":\"https:\\\/\\\/www.miroslavnovotny.sk\\\/#\\\/schema\\\/logo\\\/image\\\/\",\"url\":\"https:\\\/\\\/www.miroslavnovotny.sk\\\/wp-content\\\/uploads\\\/2022\\\/10\\\/LOGO.jpg\",\"contentUrl\":\"https:\\\/\\\/www.miroslavnovotny.sk\\\/wp-content\\\/uploads\\\/2022\\\/10\\\/LOGO.jpg\",\"width\":71,\"height\":99,\"caption\":\"Ing.arch. Miroslav Novotn\u00fd\"},\"image\":{\"@id\":\"https:\\\/\\\/www.miroslavnovotny.sk\\\/#\\\/schema\\\/logo\\\/image\\\/\"},\"sameAs\":[\"https:\\\/\\\/www.facebook.com\\\/miroslavnovotnyarchitekt\\\/\"]},{\"@type\":\"Person\",\"@id\":\"https:\\\/\\\/www.miroslavnovotny.sk\\\/#\\\/schema\\\/person\\\/23c6662a52b99b3f5215284847805990\",\"name\":\"mircosoft\",\"image\":{\"@type\":\"ImageObject\",\"inLanguage\":\"en-US\",\"@id\":\"https:\\\/\\\/secure.gravatar.com\\\/avatar\\\/25cd373e2ed8f7c4326d92a3e6ea0689c8278a2a74ca256109b4ddb394d30eb4?s=96&d=mm&r=g\",\"url\":\"https:\\\/\\\/secure.gravatar.com\\\/avatar\\\/25cd373e2ed8f7c4326d92a3e6ea0689c8278a2a74ca256109b4ddb394d30eb4?s=96&d=mm&r=g\",\"contentUrl\":\"https:\\\/\\\/secure.gravatar.com\\\/avatar\\\/25cd373e2ed8f7c4326d92a3e6ea0689c8278a2a74ca256109b4ddb394d30eb4?s=96&d=mm&r=g\",\"caption\":\"mircosoft\"},\"sameAs\":[\"https:\\\/\\\/www.miroslavnovotny.sk\"],\"url\":\"https:\\\/\\\/www.miroslavnovotny.sk\\\/?author=1\"}]}<\/script>\n<!-- \/ Yoast SEO Premium plugin. -->","yoast_head_json":{"title":"Odborne - Ing.arch. Miroslav Novotn\u00fd","description":"Architekt \u017eij\u00faci v Stupave. P\u00f4sobiaci v Bratislave a \u0161ir\u0161om okol\u00ed.","robots":{"index":"index","follow":"follow","max-snippet":"max-snippet:-1","max-image-preview":"max-image-preview:large","max-video-preview":"max-video-preview:-1"},"canonical":"https:\/\/www.miroslavnovotny.sk\/?page_id=1073","og_locale":"en_US","og_type":"article","og_title":"Odborne","og_description":"Architekt \u017eij\u00faci v Stupave. P\u00f4sobiaci v Bratislave a \u0161ir\u0161om okol\u00ed.","og_url":"https:\/\/www.miroslavnovotny.sk\/?page_id=1073","og_site_name":"Ing.arch. Miroslav Novotn\u00fd","article_publisher":"https:\/\/www.facebook.com\/miroslavnovotnyarchitekt\/","article_modified_time":"2025-07-29T13:13:20+00:00","twitter_card":"summary_large_image","twitter_misc":{"Est. reading time":"1 minute"},"schema":{"@context":"https:\/\/schema.org","@graph":[{"@type":"TechArticle","@id":"https:\/\/www.miroslavnovotny.sk\/?page_id=1073#article","isPartOf":{"@id":"https:\/\/www.miroslavnovotny.sk\/?page_id=1073"},"author":{"name":"mircosoft","@id":"https:\/\/www.miroslavnovotny.sk\/#\/schema\/person\/23c6662a52b99b3f5215284847805990"},"headline":"Odborne","datePublished":"2022-11-28T18:49:34+00:00","dateModified":"2025-07-29T13:13:20+00:00","mainEntityOfPage":{"@id":"https:\/\/www.miroslavnovotny.sk\/?page_id=1073"},"wordCount":94,"publisher":{"@id":"https:\/\/www.miroslavnovotny.sk\/#organization"},"inLanguage":"en-US"},{"@type":["WebPage","FAQPage"],"@id":"https:\/\/www.miroslavnovotny.sk\/?page_id=1073","url":"https:\/\/www.miroslavnovotny.sk\/?page_id=1073","name":"Odborne - Ing.arch. Miroslav Novotn\u00fd","isPartOf":{"@id":"https:\/\/www.miroslavnovotny.sk\/#website"},"datePublished":"2022-11-28T18:49:34+00:00","dateModified":"2025-07-29T13:13:20+00:00","description":"Architekt \u017eij\u00faci v Stupave. P\u00f4sobiaci v Bratislave a \u0161ir\u0161om okol\u00ed.","breadcrumb":{"@id":"https:\/\/www.miroslavnovotny.sk\/?page_id=1073#breadcrumb"},"inLanguage":"en-US","potentialAction":[{"@type":"ReadAction","target":["https:\/\/www.miroslavnovotny.sk\/?page_id=1073"]}]},{"@type":"BreadcrumbList","@id":"https:\/\/www.miroslavnovotny.sk\/?page_id=1073#breadcrumb","itemListElement":[{"@type":"ListItem","position":1,"name":"Home","item":"https:\/\/www.miroslavnovotny.sk\/"},{"@type":"ListItem","position":2,"name":"Odborne"}]},{"@type":"WebSite","@id":"https:\/\/www.miroslavnovotny.sk\/#website","url":"https:\/\/www.miroslavnovotny.sk\/","name":"Ing.arch. Miroslav Novotn\u00fd","description":"architekt","publisher":{"@id":"https:\/\/www.miroslavnovotny.sk\/#organization"},"alternateName":"MN","potentialAction":[{"@type":"SearchAction","target":{"@type":"EntryPoint","urlTemplate":"https:\/\/www.miroslavnovotny.sk\/?s={search_term_string}"},"query-input":{"@type":"PropertyValueSpecification","valueRequired":true,"valueName":"search_term_string"}}],"inLanguage":"en-US"},{"@type":"Organization","@id":"https:\/\/www.miroslavnovotny.sk\/#organization","name":"Ing.arch. Miroslav Novotn\u00fd","alternateName":"MN","url":"https:\/\/www.miroslavnovotny.sk\/","logo":{"@type":"ImageObject","inLanguage":"en-US","@id":"https:\/\/www.miroslavnovotny.sk\/#\/schema\/logo\/image\/","url":"https:\/\/www.miroslavnovotny.sk\/wp-content\/uploads\/2022\/10\/LOGO.jpg","contentUrl":"https:\/\/www.miroslavnovotny.sk\/wp-content\/uploads\/2022\/10\/LOGO.jpg","width":71,"height":99,"caption":"Ing.arch. Miroslav Novotn\u00fd"},"image":{"@id":"https:\/\/www.miroslavnovotny.sk\/#\/schema\/logo\/image\/"},"sameAs":["https:\/\/www.facebook.com\/miroslavnovotnyarchitekt\/"]},{"@type":"Person","@id":"https:\/\/www.miroslavnovotny.sk\/#\/schema\/person\/23c6662a52b99b3f5215284847805990","name":"mircosoft","image":{"@type":"ImageObject","inLanguage":"en-US","@id":"https:\/\/secure.gravatar.com\/avatar\/25cd373e2ed8f7c4326d92a3e6ea0689c8278a2a74ca256109b4ddb394d30eb4?s=96&d=mm&r=g","url":"https:\/\/secure.gravatar.com\/avatar\/25cd373e2ed8f7c4326d92a3e6ea0689c8278a2a74ca256109b4ddb394d30eb4?s=96&d=mm&r=g","contentUrl":"https:\/\/secure.gravatar.com\/avatar\/25cd373e2ed8f7c4326d92a3e6ea0689c8278a2a74ca256109b4ddb394d30eb4?s=96&d=mm&r=g","caption":"mircosoft"},"sameAs":["https:\/\/www.miroslavnovotny.sk"],"url":"https:\/\/www.miroslavnovotny.sk\/?author=1"}]}},"_links":{"self":[{"href":"https:\/\/www.miroslavnovotny.sk\/index.php?rest_route=\/wp\/v2\/pages\/1073","targetHints":{"allow":["GET"]}}],"collection":[{"href":"https:\/\/www.miroslavnovotny.sk\/index.php?rest_route=\/wp\/v2\/pages"}],"about":[{"href":"https:\/\/www.miroslavnovotny.sk\/index.php?rest_route=\/wp\/v2\/types\/page"}],"author":[{"embeddable":true,"href":"https:\/\/www.miroslavnovotny.sk\/index.php?rest_route=\/wp\/v2\/users\/1"}],"replies":[{"embeddable":true,"href":"https:\/\/www.miroslavnovotny.sk\/index.php?rest_route=%2Fwp%2Fv2%2Fcomments&post=1073"}],"version-history":[{"count":7,"href":"https:\/\/www.miroslavnovotny.sk\/index.php?rest_route=\/wp\/v2\/pages\/1073\/revisions"}],"predecessor-version":[{"id":1694,"href":"https:\/\/www.miroslavnovotny.sk\/index.php?rest_route=\/wp\/v2\/pages\/1073\/revisions\/1694"}],"wp:attachment":[{"href":"https:\/\/www.miroslavnovotny.sk\/index.php?rest_route=%2Fwp%2Fv2%2Fmedia&parent=1073"}],"curies":[{"name":"wp","href":"https:\/\/api.w.org\/{rel}","templated":true}]}}